{"id":1228,"date":"2024-02-07T21:53:02","date_gmt":"2024-02-07T20:53:02","guid":{"rendered":"https:\/\/piccboxx.com\/?page_id=1228"},"modified":"2025-09-12T23:17:50","modified_gmt":"2025-09-12T21:17:50","slug":"literatur","status":"publish","type":"page","link":"https:\/\/piccboxx.com\/index.php\/literatur\/","title":{"rendered":"Literatur"},"content":{"rendered":"\n<p>X-Fotobildb\u00e4nde bekannter Fotografen dr\u00e4ngen sich in unserem B\u00fccherregal. Einige davon sind sehr inspirierend. Sie zeigen vor allem was mit aus heutiger Sicht unzul\u00e4nglicher Kamera und Filmtechnik m\u00f6glich war und ist. Einmal ein Beweis mehr, dass allein die Technik kein Garant f\u00fcr gute Fotos ist.<\/p>\n\n\n\n<p>Teilweise werden die B\u00fccher nicht neu aufgelegt und der Preis \u00fcbersteigt auf dem Gebrauchtmarkt schnell mal die 100 Euro Marke. Ein gute Quelle war ein tschechisches Online Antiquariat, \u00fcber das mir der Bezug einiger B\u00fccher zu einem Bruchteil des \u00fcblichen Stra\u00dfenpreises m\u00f6glich wurde.<\/p>\n\n\n\n<div style=\"height:50px\" aria-hidden=\"true\" class=\"wp-block-spacer\"><\/div>\n\n\n\n<figure class=\"wp-block-gallery has-nested-images columns-2 is-cropped wp-block-gallery-1 is-layout-flex wp-block-gallery-is-layout-flex\">\n<figure data-wp-context=\"{&quot;imageId&quot;:&quot;69f1f2c48c77e&quot;}\" data-wp-interactive=\"core\/image\" data-wp-key=\"69f1f2c48c77e\" class=\"wp-block-image size-large wp-lightbox-container\"><img loading=\"lazy\" decoding=\"async\" width=\"1024\" height=\"680\" data-wp-class--hide=\"state.isContentHidden\" data-wp-class--show=\"state.isContentVisible\" data-wp-init=\"callbacks.setButtonStyles\" data-wp-on--click=\"actions.showLightbox\" data-wp-on--load=\"callbacks.setButtonStyles\" data-wp-on-window--resize=\"callbacks.setButtonStyles\" data-id=\"1231\" src=\"https:\/\/piccboxx.com\/wp-content\/uploads\/2024\/02\/20240206210725-DSC_3435_PB-1024x680.jpg\" alt=\"\" class=\"wp-image-1231\" srcset=\"https:\/\/piccboxx.com\/wp-content\/uploads\/2024\/02\/20240206210725-DSC_3435_PB-1024x680.jpg 1024w, https:\/\/piccboxx.com\/wp-content\/uploads\/2024\/02\/20240206210725-DSC_3435_PB-300x199.jpg 300w, https:\/\/piccboxx.com\/wp-content\/uploads\/2024\/02\/20240206210725-DSC_3435_PB-768x510.jpg 768w, https:\/\/piccboxx.com\/wp-content\/uploads\/2024\/02\/20240206210725-DSC_3435_PB-1536x1020.jpg 1536w, https:\/\/piccboxx.com\/wp-content\/uploads\/2024\/02\/20240206210725-DSC_3435_PB-1140x757.jpg 1140w, https:\/\/piccboxx.com\/wp-content\/uploads\/2024\/02\/20240206210725-DSC_3435_PB.jpg 1600w\" sizes=\"auto, (max-width: 1024px) 100vw, 1024px\" \/><button\n\t\t\tclass=\"lightbox-trigger\"\n\t\t\ttype=\"button\"\n\t\t\taria-haspopup=\"dialog\"\n\t\t\taria-label=\"Vergr\u00f6\u00dfern\"\n\t\t\tdata-wp-init=\"callbacks.initTriggerButton\"\n\t\t\tdata-wp-on--click=\"actions.showLightbox\"\n\t\t\tdata-wp-style--right=\"state.imageButtonRight\"\n\t\t\tdata-wp-style--top=\"state.imageButtonTop\"\n\t\t>\n\t\t\t<svg xmlns=\"http:\/\/www.w3.org\/2000\/svg\" width=\"12\" height=\"12\" fill=\"none\" viewBox=\"0 0 12 12\">\n\t\t\t\t<path fill=\"#fff\" d=\"M2 0a2 2 0 0 0-2 2v2h1.5V2a.5.5 0 0 1 .5-.5h2V0H2Zm2 10.5H2a.5.5 0 0 1-.5-.5V8H0v2a2 2 0 0 0 2 2h2v-1.5ZM8 12v-1.5h2a.5.5 0 0 0 .5-.5V8H12v2a2 2 0 0 1-2 2H8Zm2-12a2 2 0 0 1 2 2v2h-1.5V2a.5.5 0 0 0-.5-.5H8V0h2Z\" \/>\n\t\t\t<\/svg>\n\t\t<\/button><figcaption class=\"wp-element-caption\">Josef Sudek<\/figcaption><\/figure>\n\n\n\n<figure data-wp-context=\"{&quot;imageId&quot;:&quot;69f1f2c48cb28&quot;}\" data-wp-interactive=\"core\/image\" data-wp-key=\"69f1f2c48cb28\" class=\"wp-block-image size-large wp-lightbox-container\"><img loading=\"lazy\" decoding=\"async\" width=\"1024\" height=\"680\" data-wp-class--hide=\"state.isContentHidden\" data-wp-class--show=\"state.isContentVisible\" data-wp-init=\"callbacks.setButtonStyles\" data-wp-on--click=\"actions.showLightbox\" data-wp-on--load=\"callbacks.setButtonStyles\" data-wp-on-window--resize=\"callbacks.setButtonStyles\" data-id=\"1232\" src=\"https:\/\/piccboxx.com\/wp-content\/uploads\/2024\/02\/20240206210838-DSC_3439_PB-1024x680.jpg\" alt=\"\" class=\"wp-image-1232\" srcset=\"https:\/\/piccboxx.com\/wp-content\/uploads\/2024\/02\/20240206210838-DSC_3439_PB-1024x680.jpg 1024w, https:\/\/piccboxx.com\/wp-content\/uploads\/2024\/02\/20240206210838-DSC_3439_PB-300x199.jpg 300w, https:\/\/piccboxx.com\/wp-content\/uploads\/2024\/02\/20240206210838-DSC_3439_PB-768x510.jpg 768w, https:\/\/piccboxx.com\/wp-content\/uploads\/2024\/02\/20240206210838-DSC_3439_PB-1536x1020.jpg 1536w, https:\/\/piccboxx.com\/wp-content\/uploads\/2024\/02\/20240206210838-DSC_3439_PB-1140x757.jpg 1140w, https:\/\/piccboxx.com\/wp-content\/uploads\/2024\/02\/20240206210838-DSC_3439_PB.jpg 1600w\" sizes=\"auto, (max-width: 1024px) 100vw, 1024px\" \/><button\n\t\t\tclass=\"lightbox-trigger\"\n\t\t\ttype=\"button\"\n\t\t\taria-haspopup=\"dialog\"\n\t\t\taria-label=\"Vergr\u00f6\u00dfern\"\n\t\t\tdata-wp-init=\"callbacks.initTriggerButton\"\n\t\t\tdata-wp-on--click=\"actions.showLightbox\"\n\t\t\tdata-wp-style--right=\"state.imageButtonRight\"\n\t\t\tdata-wp-style--top=\"state.imageButtonTop\"\n\t\t>\n\t\t\t<svg xmlns=\"http:\/\/www.w3.org\/2000\/svg\" width=\"12\" height=\"12\" fill=\"none\" viewBox=\"0 0 12 12\">\n\t\t\t\t<path fill=\"#fff\" d=\"M2 0a2 2 0 0 0-2 2v2h1.5V2a.5.5 0 0 1 .5-.5h2V0H2Zm2 10.5H2a.5.5 0 0 1-.5-.5V8H0v2a2 2 0 0 0 2 2h2v-1.5ZM8 12v-1.5h2a.5.5 0 0 0 .5-.5V8H12v2a2 2 0 0 1-2 2H8Zm2-12a2 2 0 0 1 2 2v2h-1.5V2a.5.5 0 0 0-.5-.5H8V0h2Z\" \/>\n\t\t\t<\/svg>\n\t\t<\/button><figcaption class=\"wp-element-caption\">Josef Sudek<\/figcaption><\/figure>\n\n\n\n<figure data-wp-context=\"{&quot;imageId&quot;:&quot;69f1f2c48ce5f&quot;}\" data-wp-interactive=\"core\/image\" data-wp-key=\"69f1f2c48ce5f\" class=\"wp-block-image size-large wp-lightbox-container\"><img loading=\"lazy\" decoding=\"async\" width=\"1024\" height=\"680\" data-wp-class--hide=\"state.isContentHidden\" data-wp-class--show=\"state.isContentVisible\" data-wp-init=\"callbacks.setButtonStyles\" data-wp-on--click=\"actions.showLightbox\" data-wp-on--load=\"callbacks.setButtonStyles\" data-wp-on-window--resize=\"callbacks.setButtonStyles\" data-id=\"1236\" src=\"https:\/\/piccboxx.com\/wp-content\/uploads\/2024\/02\/20240206211101-DSC_3443_PB-1024x680.jpg\" alt=\"\" class=\"wp-image-1236\" srcset=\"https:\/\/piccboxx.com\/wp-content\/uploads\/2024\/02\/20240206211101-DSC_3443_PB-1024x680.jpg 1024w, https:\/\/piccboxx.com\/wp-content\/uploads\/2024\/02\/20240206211101-DSC_3443_PB-300x199.jpg 300w, https:\/\/piccboxx.com\/wp-content\/uploads\/2024\/02\/20240206211101-DSC_3443_PB-768x510.jpg 768w, https:\/\/piccboxx.com\/wp-content\/uploads\/2024\/02\/20240206211101-DSC_3443_PB-1536x1020.jpg 1536w, https:\/\/piccboxx.com\/wp-content\/uploads\/2024\/02\/20240206211101-DSC_3443_PB-1140x757.jpg 1140w, https:\/\/piccboxx.com\/wp-content\/uploads\/2024\/02\/20240206211101-DSC_3443_PB.jpg 1600w\" sizes=\"auto, (max-width: 1024px) 100vw, 1024px\" \/><button\n\t\t\tclass=\"lightbox-trigger\"\n\t\t\ttype=\"button\"\n\t\t\taria-haspopup=\"dialog\"\n\t\t\taria-label=\"Vergr\u00f6\u00dfern\"\n\t\t\tdata-wp-init=\"callbacks.initTriggerButton\"\n\t\t\tdata-wp-on--click=\"actions.showLightbox\"\n\t\t\tdata-wp-style--right=\"state.imageButtonRight\"\n\t\t\tdata-wp-style--top=\"state.imageButtonTop\"\n\t\t>\n\t\t\t<svg xmlns=\"http:\/\/www.w3.org\/2000\/svg\" width=\"12\" height=\"12\" fill=\"none\" viewBox=\"0 0 12 12\">\n\t\t\t\t<path fill=\"#fff\" d=\"M2 0a2 2 0 0 0-2 2v2h1.5V2a.5.5 0 0 1 .5-.5h2V0H2Zm2 10.5H2a.5.5 0 0 1-.5-.5V8H0v2a2 2 0 0 0 2 2h2v-1.5ZM8 12v-1.5h2a.5.5 0 0 0 .5-.5V8H12v2a2 2 0 0 1-2 2H8Zm2-12a2 2 0 0 1 2 2v2h-1.5V2a.5.5 0 0 0-.5-.5H8V0h2Z\" \/>\n\t\t\t<\/svg>\n\t\t<\/button><figcaption class=\"wp-element-caption\">Josef Sudek<\/figcaption><\/figure>\n\n\n\n<figure data-wp-context=\"{&quot;imageId&quot;:&quot;69f1f2c48d19c&quot;}\" data-wp-interactive=\"core\/image\" data-wp-key=\"69f1f2c48d19c\" class=\"wp-block-image size-large wp-lightbox-container\"><img loading=\"lazy\" decoding=\"async\" width=\"1024\" height=\"680\" data-wp-class--hide=\"state.isContentHidden\" data-wp-class--show=\"state.isContentVisible\" data-wp-init=\"callbacks.setButtonStyles\" data-wp-on--click=\"actions.showLightbox\" data-wp-on--load=\"callbacks.setButtonStyles\" data-wp-on-window--resize=\"callbacks.setButtonStyles\" data-id=\"1233\" src=\"https:\/\/piccboxx.com\/wp-content\/uploads\/2024\/02\/20240206211024-DSC_3441_PB-1024x680.jpg\" alt=\"\" class=\"wp-image-1233\" srcset=\"https:\/\/piccboxx.com\/wp-content\/uploads\/2024\/02\/20240206211024-DSC_3441_PB-1024x680.jpg 1024w, https:\/\/piccboxx.com\/wp-content\/uploads\/2024\/02\/20240206211024-DSC_3441_PB-300x199.jpg 300w, https:\/\/piccboxx.com\/wp-content\/uploads\/2024\/02\/20240206211024-DSC_3441_PB-768x510.jpg 768w, https:\/\/piccboxx.com\/wp-content\/uploads\/2024\/02\/20240206211024-DSC_3441_PB-1536x1020.jpg 1536w, https:\/\/piccboxx.com\/wp-content\/uploads\/2024\/02\/20240206211024-DSC_3441_PB-1140x757.jpg 1140w, https:\/\/piccboxx.com\/wp-content\/uploads\/2024\/02\/20240206211024-DSC_3441_PB.jpg 1600w\" sizes=\"auto, (max-width: 1024px) 100vw, 1024px\" \/><button\n\t\t\tclass=\"lightbox-trigger\"\n\t\t\ttype=\"button\"\n\t\t\taria-haspopup=\"dialog\"\n\t\t\taria-label=\"Vergr\u00f6\u00dfern\"\n\t\t\tdata-wp-init=\"callbacks.initTriggerButton\"\n\t\t\tdata-wp-on--click=\"actions.showLightbox\"\n\t\t\tdata-wp-style--right=\"state.imageButtonRight\"\n\t\t\tdata-wp-style--top=\"state.imageButtonTop\"\n\t\t>\n\t\t\t<svg xmlns=\"http:\/\/www.w3.org\/2000\/svg\" width=\"12\" height=\"12\" fill=\"none\" viewBox=\"0 0 12 12\">\n\t\t\t\t<path fill=\"#fff\" d=\"M2 0a2 2 0 0 0-2 2v2h1.5V2a.5.5 0 0 1 .5-.5h2V0H2Zm2 10.5H2a.5.5 0 0 1-.5-.5V8H0v2a2 2 0 0 0 2 2h2v-1.5ZM8 12v-1.5h2a.5.5 0 0 0 .5-.5V8H12v2a2 2 0 0 1-2 2H8Zm2-12a2 2 0 0 1 2 2v2h-1.5V2a.5.5 0 0 0-.5-.5H8V0h2Z\" \/>\n\t\t\t<\/svg>\n\t\t<\/button><figcaption class=\"wp-element-caption\">Josef Sudek<\/figcaption><\/figure>\n\n\n\n<figure data-wp-context=\"{&quot;imageId&quot;:&quot;69f1f2c48d4f4&quot;}\" data-wp-interactive=\"core\/image\" data-wp-key=\"69f1f2c48d4f4\" class=\"wp-block-image size-large wp-lightbox-container\"><img loading=\"lazy\" decoding=\"async\" width=\"1024\" height=\"680\" data-wp-class--hide=\"state.isContentHidden\" data-wp-class--show=\"state.isContentVisible\" data-wp-init=\"callbacks.setButtonStyles\" data-wp-on--click=\"actions.showLightbox\" data-wp-on--load=\"callbacks.setButtonStyles\" data-wp-on-window--resize=\"callbacks.setButtonStyles\" data-id=\"1240\" src=\"https:\/\/piccboxx.com\/wp-content\/uploads\/2024\/02\/20240206211301-DSC_3447_PB-1024x680.jpg\" alt=\"\" class=\"wp-image-1240\" srcset=\"https:\/\/piccboxx.com\/wp-content\/uploads\/2024\/02\/20240206211301-DSC_3447_PB-1024x680.jpg 1024w, https:\/\/piccboxx.com\/wp-content\/uploads\/2024\/02\/20240206211301-DSC_3447_PB-300x199.jpg 300w, https:\/\/piccboxx.com\/wp-content\/uploads\/2024\/02\/20240206211301-DSC_3447_PB-768x510.jpg 768w, https:\/\/piccboxx.com\/wp-content\/uploads\/2024\/02\/20240206211301-DSC_3447_PB-1536x1020.jpg 1536w, https:\/\/piccboxx.com\/wp-content\/uploads\/2024\/02\/20240206211301-DSC_3447_PB-1140x757.jpg 1140w, https:\/\/piccboxx.com\/wp-content\/uploads\/2024\/02\/20240206211301-DSC_3447_PB.jpg 1600w\" sizes=\"auto, (max-width: 1024px) 100vw, 1024px\" \/><button\n\t\t\tclass=\"lightbox-trigger\"\n\t\t\ttype=\"button\"\n\t\t\taria-haspopup=\"dialog\"\n\t\t\taria-label=\"Vergr\u00f6\u00dfern\"\n\t\t\tdata-wp-init=\"callbacks.initTriggerButton\"\n\t\t\tdata-wp-on--click=\"actions.showLightbox\"\n\t\t\tdata-wp-style--right=\"state.imageButtonRight\"\n\t\t\tdata-wp-style--top=\"state.imageButtonTop\"\n\t\t>\n\t\t\t<svg xmlns=\"http:\/\/www.w3.org\/2000\/svg\" width=\"12\" height=\"12\" fill=\"none\" viewBox=\"0 0 12 12\">\n\t\t\t\t<path fill=\"#fff\" d=\"M2 0a2 2 0 0 0-2 2v2h1.5V2a.5.5 0 0 1 .5-.5h2V0H2Zm2 10.5H2a.5.5 0 0 1-.5-.5V8H0v2a2 2 0 0 0 2 2h2v-1.5ZM8 12v-1.5h2a.5.5 0 0 0 .5-.5V8H12v2a2 2 0 0 1-2 2H8Zm2-12a2 2 0 0 1 2 2v2h-1.5V2a.5.5 0 0 0-.5-.5H8V0h2Z\" \/>\n\t\t\t<\/svg>\n\t\t<\/button><figcaption class=\"wp-element-caption\">Josef Sudek<\/figcaption><\/figure>\n\n\n\n<figure data-wp-context=\"{&quot;imageId&quot;:&quot;69f1f2c48d814&quot;}\" data-wp-interactive=\"core\/image\" data-wp-key=\"69f1f2c48d814\" class=\"wp-block-image size-large wp-lightbox-container\"><img loading=\"lazy\" decoding=\"async\" width=\"1024\" height=\"680\" data-wp-class--hide=\"state.isContentHidden\" data-wp-class--show=\"state.isContentVisible\" data-wp-init=\"callbacks.setButtonStyles\" data-wp-on--click=\"actions.showLightbox\" data-wp-on--load=\"callbacks.setButtonStyles\" data-wp-on-window--resize=\"callbacks.setButtonStyles\" data-id=\"1239\" src=\"https:\/\/piccboxx.com\/wp-content\/uploads\/2024\/02\/20240206211449-DSC_3449_PB-1024x680.jpg\" alt=\"\" class=\"wp-image-1239\" srcset=\"https:\/\/piccboxx.com\/wp-content\/uploads\/2024\/02\/20240206211449-DSC_3449_PB-1024x680.jpg 1024w, https:\/\/piccboxx.com\/wp-content\/uploads\/2024\/02\/20240206211449-DSC_3449_PB-300x199.jpg 300w, https:\/\/piccboxx.com\/wp-content\/uploads\/2024\/02\/20240206211449-DSC_3449_PB-768x510.jpg 768w, https:\/\/piccboxx.com\/wp-content\/uploads\/2024\/02\/20240206211449-DSC_3449_PB-1536x1020.jpg 1536w, https:\/\/piccboxx.com\/wp-content\/uploads\/2024\/02\/20240206211449-DSC_3449_PB-1140x757.jpg 1140w, https:\/\/piccboxx.com\/wp-content\/uploads\/2024\/02\/20240206211449-DSC_3449_PB.jpg 1600w\" sizes=\"auto, (max-width: 1024px) 100vw, 1024px\" \/><button\n\t\t\tclass=\"lightbox-trigger\"\n\t\t\ttype=\"button\"\n\t\t\taria-haspopup=\"dialog\"\n\t\t\taria-label=\"Vergr\u00f6\u00dfern\"\n\t\t\tdata-wp-init=\"callbacks.initTriggerButton\"\n\t\t\tdata-wp-on--click=\"actions.showLightbox\"\n\t\t\tdata-wp-style--right=\"state.imageButtonRight\"\n\t\t\tdata-wp-style--top=\"state.imageButtonTop\"\n\t\t>\n\t\t\t<svg xmlns=\"http:\/\/www.w3.org\/2000\/svg\" width=\"12\" height=\"12\" fill=\"none\" viewBox=\"0 0 12 12\">\n\t\t\t\t<path fill=\"#fff\" d=\"M2 0a2 2 0 0 0-2 2v2h1.5V2a.5.5 0 0 1 .5-.5h2V0H2Zm2 10.5H2a.5.5 0 0 1-.5-.5V8H0v2a2 2 0 0 0 2 2h2v-1.5ZM8 12v-1.5h2a.5.5 0 0 0 .5-.5V8H12v2a2 2 0 0 1-2 2H8Zm2-12a2 2 0 0 1 2 2v2h-1.5V2a.5.5 0 0 0-.5-.5H8V0h2Z\" \/>\n\t\t\t<\/svg>\n\t\t<\/button><figcaption class=\"wp-element-caption\">Josef Sudek<\/figcaption><\/figure>\n\n\n\n<figure data-wp-context=\"{&quot;imageId&quot;:&quot;69f1f2c48db21&quot;}\" data-wp-interactive=\"core\/image\" data-wp-key=\"69f1f2c48db21\" class=\"wp-block-image size-large wp-lightbox-container\"><img loading=\"lazy\" decoding=\"async\" width=\"1024\" height=\"680\" data-wp-class--hide=\"state.isContentHidden\" data-wp-class--show=\"state.isContentVisible\" data-wp-init=\"callbacks.setButtonStyles\" data-wp-on--click=\"actions.showLightbox\" data-wp-on--load=\"callbacks.setButtonStyles\" data-wp-on-window--resize=\"callbacks.setButtonStyles\" data-id=\"1235\" src=\"https:\/\/piccboxx.com\/wp-content\/uploads\/2024\/02\/20240206213308-DSC_3457_PB-1024x680.jpg\" alt=\"\" class=\"wp-image-1235\" srcset=\"https:\/\/piccboxx.com\/wp-content\/uploads\/2024\/02\/20240206213308-DSC_3457_PB-1024x680.jpg 1024w, https:\/\/piccboxx.com\/wp-content\/uploads\/2024\/02\/20240206213308-DSC_3457_PB-300x199.jpg 300w, https:\/\/piccboxx.com\/wp-content\/uploads\/2024\/02\/20240206213308-DSC_3457_PB-768x510.jpg 768w, https:\/\/piccboxx.com\/wp-content\/uploads\/2024\/02\/20240206213308-DSC_3457_PB-1536x1020.jpg 1536w, https:\/\/piccboxx.com\/wp-content\/uploads\/2024\/02\/20240206213308-DSC_3457_PB-1140x757.jpg 1140w, https:\/\/piccboxx.com\/wp-content\/uploads\/2024\/02\/20240206213308-DSC_3457_PB.jpg 1600w\" sizes=\"auto, (max-width: 1024px) 100vw, 1024px\" \/><button\n\t\t\tclass=\"lightbox-trigger\"\n\t\t\ttype=\"button\"\n\t\t\taria-haspopup=\"dialog\"\n\t\t\taria-label=\"Vergr\u00f6\u00dfern\"\n\t\t\tdata-wp-init=\"callbacks.initTriggerButton\"\n\t\t\tdata-wp-on--click=\"actions.showLightbox\"\n\t\t\tdata-wp-style--right=\"state.imageButtonRight\"\n\t\t\tdata-wp-style--top=\"state.imageButtonTop\"\n\t\t>\n\t\t\t<svg xmlns=\"http:\/\/www.w3.org\/2000\/svg\" width=\"12\" height=\"12\" fill=\"none\" viewBox=\"0 0 12 12\">\n\t\t\t\t<path fill=\"#fff\" d=\"M2 0a2 2 0 0 0-2 2v2h1.5V2a.5.5 0 0 1 .5-.5h2V0H2Zm2 10.5H2a.5.5 0 0 1-.5-.5V8H0v2a2 2 0 0 0 2 2h2v-1.5ZM8 12v-1.5h2a.5.5 0 0 0 .5-.5V8H12v2a2 2 0 0 1-2 2H8Zm2-12a2 2 0 0 1 2 2v2h-1.5V2a.5.5 0 0 0-.5-.5H8V0h2Z\" \/>\n\t\t\t<\/svg>\n\t\t<\/button><figcaption class=\"wp-element-caption\">Arnold Odermatt<\/figcaption><\/figure>\n\n\n\n<figure data-wp-context=\"{&quot;imageId&quot;:&quot;69f1f2c48de2b&quot;}\" data-wp-interactive=\"core\/image\" data-wp-key=\"69f1f2c48de2b\" class=\"wp-block-image size-large wp-lightbox-container\"><img loading=\"lazy\" decoding=\"async\" width=\"1024\" height=\"680\" data-wp-class--hide=\"state.isContentHidden\" data-wp-class--show=\"state.isContentVisible\" data-wp-init=\"callbacks.setButtonStyles\" data-wp-on--click=\"actions.showLightbox\" data-wp-on--load=\"callbacks.setButtonStyles\" data-wp-on-window--resize=\"callbacks.setButtonStyles\" data-id=\"1237\" src=\"https:\/\/piccboxx.com\/wp-content\/uploads\/2024\/02\/20240206213424-DSC_3459_PB-1024x680.jpg\" alt=\"\" class=\"wp-image-1237\" srcset=\"https:\/\/piccboxx.com\/wp-content\/uploads\/2024\/02\/20240206213424-DSC_3459_PB-1024x680.jpg 1024w, https:\/\/piccboxx.com\/wp-content\/uploads\/2024\/02\/20240206213424-DSC_3459_PB-300x199.jpg 300w, https:\/\/piccboxx.com\/wp-content\/uploads\/2024\/02\/20240206213424-DSC_3459_PB-768x510.jpg 768w, https:\/\/piccboxx.com\/wp-content\/uploads\/2024\/02\/20240206213424-DSC_3459_PB-1536x1020.jpg 1536w, https:\/\/piccboxx.com\/wp-content\/uploads\/2024\/02\/20240206213424-DSC_3459_PB-1140x757.jpg 1140w, https:\/\/piccboxx.com\/wp-content\/uploads\/2024\/02\/20240206213424-DSC_3459_PB.jpg 1600w\" sizes=\"auto, (max-width: 1024px) 100vw, 1024px\" \/><button\n\t\t\tclass=\"lightbox-trigger\"\n\t\t\ttype=\"button\"\n\t\t\taria-haspopup=\"dialog\"\n\t\t\taria-label=\"Vergr\u00f6\u00dfern\"\n\t\t\tdata-wp-init=\"callbacks.initTriggerButton\"\n\t\t\tdata-wp-on--click=\"actions.showLightbox\"\n\t\t\tdata-wp-style--right=\"state.imageButtonRight\"\n\t\t\tdata-wp-style--top=\"state.imageButtonTop\"\n\t\t>\n\t\t\t<svg xmlns=\"http:\/\/www.w3.org\/2000\/svg\" width=\"12\" height=\"12\" fill=\"none\" viewBox=\"0 0 12 12\">\n\t\t\t\t<path fill=\"#fff\" d=\"M2 0a2 2 0 0 0-2 2v2h1.5V2a.5.5 0 0 1 .5-.5h2V0H2Zm2 10.5H2a.5.5 0 0 1-.5-.5V8H0v2a2 2 0 0 0 2 2h2v-1.5ZM8 12v-1.5h2a.5.5 0 0 0 .5-.5V8H12v2a2 2 0 0 1-2 2H8Zm2-12a2 2 0 0 1 2 2v2h-1.5V2a.5.5 0 0 0-.5-.5H8V0h2Z\" \/>\n\t\t\t<\/svg>\n\t\t<\/button><figcaption class=\"wp-element-caption\">Arnold Odermatt<\/figcaption><\/figure>\n\n\n\n<figure data-wp-context=\"{&quot;imageId&quot;:&quot;69f1f2c48e12d&quot;}\" data-wp-interactive=\"core\/image\" data-wp-key=\"69f1f2c48e12d\" class=\"wp-block-image size-large wp-lightbox-container\"><img loading=\"lazy\" decoding=\"async\" width=\"1024\" height=\"680\" data-wp-class--hide=\"state.isContentHidden\" data-wp-class--show=\"state.isContentVisible\" data-wp-init=\"callbacks.setButtonStyles\" data-wp-on--click=\"actions.showLightbox\" data-wp-on--load=\"callbacks.setButtonStyles\" data-wp-on-window--resize=\"callbacks.setButtonStyles\" data-id=\"1234\" src=\"https:\/\/piccboxx.com\/wp-content\/uploads\/2024\/02\/20240206213151-DSC_3454_PB-1024x680.jpg\" alt=\"\" class=\"wp-image-1234\" srcset=\"https:\/\/piccboxx.com\/wp-content\/uploads\/2024\/02\/20240206213151-DSC_3454_PB-1024x680.jpg 1024w, https:\/\/piccboxx.com\/wp-content\/uploads\/2024\/02\/20240206213151-DSC_3454_PB-300x199.jpg 300w, https:\/\/piccboxx.com\/wp-content\/uploads\/2024\/02\/20240206213151-DSC_3454_PB-768x510.jpg 768w, https:\/\/piccboxx.com\/wp-content\/uploads\/2024\/02\/20240206213151-DSC_3454_PB-1536x1020.jpg 1536w, https:\/\/piccboxx.com\/wp-content\/uploads\/2024\/02\/20240206213151-DSC_3454_PB-1140x757.jpg 1140w, https:\/\/piccboxx.com\/wp-content\/uploads\/2024\/02\/20240206213151-DSC_3454_PB.jpg 1600w\" sizes=\"auto, (max-width: 1024px) 100vw, 1024px\" \/><button\n\t\t\tclass=\"lightbox-trigger\"\n\t\t\ttype=\"button\"\n\t\t\taria-haspopup=\"dialog\"\n\t\t\taria-label=\"Vergr\u00f6\u00dfern\"\n\t\t\tdata-wp-init=\"callbacks.initTriggerButton\"\n\t\t\tdata-wp-on--click=\"actions.showLightbox\"\n\t\t\tdata-wp-style--right=\"state.imageButtonRight\"\n\t\t\tdata-wp-style--top=\"state.imageButtonTop\"\n\t\t>\n\t\t\t<svg xmlns=\"http:\/\/www.w3.org\/2000\/svg\" width=\"12\" height=\"12\" fill=\"none\" viewBox=\"0 0 12 12\">\n\t\t\t\t<path fill=\"#fff\" d=\"M2 0a2 2 0 0 0-2 2v2h1.5V2a.5.5 0 0 1 .5-.5h2V0H2Zm2 10.5H2a.5.5 0 0 1-.5-.5V8H0v2a2 2 0 0 0 2 2h2v-1.5ZM8 12v-1.5h2a.5.5 0 0 0 .5-.5V8H12v2a2 2 0 0 1-2 2H8Zm2-12a2 2 0 0 1 2 2v2h-1.5V2a.5.5 0 0 0-.5-.5H8V0h2Z\" \/>\n\t\t\t<\/svg>\n\t\t<\/button><figcaption class=\"wp-element-caption\">Vivian Maier<\/figcaption><\/figure>\n\n\n\n<figure data-wp-context=\"{&quot;imageId&quot;:&quot;69f1f2c48e42c&quot;}\" data-wp-interactive=\"core\/image\" data-wp-key=\"69f1f2c48e42c\" class=\"wp-block-image size-large wp-lightbox-container\"><img loading=\"lazy\" decoding=\"async\" width=\"1024\" height=\"680\" data-wp-class--hide=\"state.isContentHidden\" data-wp-class--show=\"state.isContentVisible\" data-wp-init=\"callbacks.setButtonStyles\" data-wp-on--click=\"actions.showLightbox\" data-wp-on--load=\"callbacks.setButtonStyles\" data-wp-on-window--resize=\"callbacks.setButtonStyles\" data-id=\"1238\" src=\"https:\/\/piccboxx.com\/wp-content\/uploads\/2024\/02\/20240206213227-DSC_3455_PB-1024x680.jpg\" alt=\"\" class=\"wp-image-1238\" srcset=\"https:\/\/piccboxx.com\/wp-content\/uploads\/2024\/02\/20240206213227-DSC_3455_PB-1024x680.jpg 1024w, https:\/\/piccboxx.com\/wp-content\/uploads\/2024\/02\/20240206213227-DSC_3455_PB-300x199.jpg 300w, https:\/\/piccboxx.com\/wp-content\/uploads\/2024\/02\/20240206213227-DSC_3455_PB-768x510.jpg 768w, https:\/\/piccboxx.com\/wp-content\/uploads\/2024\/02\/20240206213227-DSC_3455_PB-1536x1020.jpg 1536w, https:\/\/piccboxx.com\/wp-content\/uploads\/2024\/02\/20240206213227-DSC_3455_PB-1140x757.jpg 1140w, https:\/\/piccboxx.com\/wp-content\/uploads\/2024\/02\/20240206213227-DSC_3455_PB.jpg 1600w\" sizes=\"auto, (max-width: 1024px) 100vw, 1024px\" \/><button\n\t\t\tclass=\"lightbox-trigger\"\n\t\t\ttype=\"button\"\n\t\t\taria-haspopup=\"dialog\"\n\t\t\taria-label=\"Vergr\u00f6\u00dfern\"\n\t\t\tdata-wp-init=\"callbacks.initTriggerButton\"\n\t\t\tdata-wp-on--click=\"actions.showLightbox\"\n\t\t\tdata-wp-style--right=\"state.imageButtonRight\"\n\t\t\tdata-wp-style--top=\"state.imageButtonTop\"\n\t\t>\n\t\t\t<svg xmlns=\"http:\/\/www.w3.org\/2000\/svg\" width=\"12\" height=\"12\" fill=\"none\" viewBox=\"0 0 12 12\">\n\t\t\t\t<path fill=\"#fff\" d=\"M2 0a2 2 0 0 0-2 2v2h1.5V2a.5.5 0 0 1 .5-.5h2V0H2Zm2 10.5H2a.5.5 0 0 1-.5-.5V8H0v2a2 2 0 0 0 2 2h2v-1.5ZM8 12v-1.5h2a.5.5 0 0 0 .5-.5V8H12v2a2 2 0 0 1-2 2H8Zm2-12a2 2 0 0 1 2 2v2h-1.5V2a.5.5 0 0 0-.5-.5H8V0h2Z\" \/>\n\t\t\t<\/svg>\n\t\t<\/button><figcaption class=\"wp-element-caption\">Vivian Maier<\/figcaption><\/figure>\n<\/figure>\n","protected":false},"excerpt":{"rendered":"<p>X-Fotobildb\u00e4nde bekannter Fotografen dr\u00e4ngen sich in unserem B\u00fccherregal. Einige davon sind sehr inspirierend. Sie zeigen vor allem was mit aus heutiger Sicht unzul\u00e4nglicher Kamera und Filmtechnik m\u00f6glich war und ist. Einmal ein Beweis mehr, dass allein die Technik kein Garant f\u00fcr gute Fotos ist. Teilweise werden die B\u00fccher nicht neu aufgelegt und der Preis \u00fcbersteigt auf dem Gebrauchtmarkt schnell mal die 100 Euro Marke. Ein gute Quelle war ein tschechisches Online Antiquariat, \u00fcber das mir der Bezug einiger B\u00fccher zu einem Bruchteil des \u00fcblichen Stra\u00dfenpreises m\u00f6glich wurde.<\/p>\n","protected":false},"author":1,"featured_media":0,"parent":0,"menu_order":0,"comment_status":"closed","ping_status":"closed","template":"","meta":{"footnotes":""},"class_list":["post-1228","page","type-page","status-publish","hentry"],"_links":{"self":[{"href":"https:\/\/piccboxx.com\/index.php\/wp-json\/wp\/v2\/pages\/1228","targetHints":{"allow":["GET"]}}],"collection":[{"href":"https:\/\/piccboxx.com\/index.php\/wp-json\/wp\/v2\/pages"}],"about":[{"href":"https:\/\/piccboxx.com\/index.php\/wp-json\/wp\/v2\/types\/page"}],"author":[{"embeddable":true,"href":"https:\/\/piccboxx.com\/index.php\/wp-json\/wp\/v2\/users\/1"}],"replies":[{"embeddable":true,"href":"https:\/\/piccboxx.com\/index.php\/wp-json\/wp\/v2\/comments?post=1228"}],"version-history":[{"count":8,"href":"https:\/\/piccboxx.com\/index.php\/wp-json\/wp\/v2\/pages\/1228\/revisions"}],"predecessor-version":[{"id":1777,"href":"https:\/\/piccboxx.com\/index.php\/wp-json\/wp\/v2\/pages\/1228\/revisions\/1777"}],"wp:attachment":[{"href":"https:\/\/piccboxx.com\/index.php\/wp-json\/wp\/v2\/media?parent=1228"}],"curies":[{"name":"wp","href":"https:\/\/api.w.org\/{rel}","templated":true}]}}