{"id":1256,"date":"2024-02-07T22:56:22","date_gmt":"2024-02-07T21:56:22","guid":{"rendered":"https:\/\/piccboxx.com\/?page_id=1256"},"modified":"2026-01-09T00:49:31","modified_gmt":"2026-01-08T23:49:31","slug":"mobilitaet","status":"publish","type":"page","link":"https:\/\/piccboxx.com\/index.php\/mobilitaet\/","title":{"rendered":"Mobilit\u00e4t"},"content":{"rendered":"\n<h4 class=\"wp-block-heading\">Das Einsatzfahrzeug<\/h4>\n\n\n\n<p>Das Einsatzfahrzeug in der warmen Jahreszeit ist ein <a href=\"https:\/\/de.wikipedia.org\/wiki\/IWL_Troll\">IWL Troll 1<\/a> aus dem Jahr 1963. Den hatte ich mir 2017 als Ersatzteilspender f\u00fcr ein Restaurationsprojekt angeschafft. Da er einen sch\u00f6nen Look vom jahrzehntelangem Herumstehen in einer alten Scheune hatte, wurde er zum Hauptprojekt. Einmal Volldemontage, alles neu gelagert und gedichtet und er l\u00e4uft wie ne Eins. Der beste Beweis daf\u00fcr war meine <a href=\"https:\/\/piccboxx.com\/index.php\/2017-troll-goes-italy\/\" data-type=\"link\" data-id=\"https:\/\/piccboxx.com\/index.php\/2017-troll-goes-italy\/\">Tour durch Italien<\/a>, bis an die Amalfik\u00fcste, r\u00fcber nach Montenegro und \u00fcber den Balkan zur\u00fcck nach Sachsen. 5000km ohne Panne.<\/p>\n\n\n\n<div style=\"height:50px\" aria-hidden=\"true\" class=\"wp-block-spacer\"><\/div>\n\n\n\n<figure class=\"wp-block-gallery aligncenter has-nested-images columns-2 is-cropped wp-block-gallery-1 is-layout-flex wp-block-gallery-is-layout-flex\">\n<figure data-wp-context=\"{&quot;imageId&quot;:&quot;69f1f4baadda9&quot;}\" data-wp-interactive=\"core\/image\" data-wp-key=\"69f1f4baadda9\" class=\"wp-block-image size-large wp-lightbox-container\"><img loading=\"lazy\" decoding=\"async\" width=\"1024\" height=\"680\" data-wp-class--hide=\"state.isContentHidden\" data-wp-class--show=\"state.isContentVisible\" data-wp-init=\"callbacks.setButtonStyles\" data-wp-on--click=\"actions.showLightbox\" data-wp-on--load=\"callbacks.setButtonStyles\" data-wp-on-window--resize=\"callbacks.setButtonStyles\" data-id=\"1095\" src=\"https:\/\/piccboxx.com\/wp-content\/uploads\/2024\/02\/20170725-00000766_PB-1024x680.jpg\" alt=\"\" class=\"wp-image-1095\" srcset=\"https:\/\/piccboxx.com\/wp-content\/uploads\/2024\/02\/20170725-00000766_PB-1024x680.jpg 1024w, https:\/\/piccboxx.com\/wp-content\/uploads\/2024\/02\/20170725-00000766_PB-300x199.jpg 300w, https:\/\/piccboxx.com\/wp-content\/uploads\/2024\/02\/20170725-00000766_PB-768x510.jpg 768w, https:\/\/piccboxx.com\/wp-content\/uploads\/2024\/02\/20170725-00000766_PB-1536x1020.jpg 1536w, https:\/\/piccboxx.com\/wp-content\/uploads\/2024\/02\/20170725-00000766_PB-1140x757.jpg 1140w, https:\/\/piccboxx.com\/wp-content\/uploads\/2024\/02\/20170725-00000766_PB.jpg 1600w\" sizes=\"auto, (max-width: 1024px) 100vw, 1024px\" \/><button\n\t\t\tclass=\"lightbox-trigger\"\n\t\t\ttype=\"button\"\n\t\t\taria-haspopup=\"dialog\"\n\t\t\taria-label=\"Vergr\u00f6\u00dfern\"\n\t\t\tdata-wp-init=\"callbacks.initTriggerButton\"\n\t\t\tdata-wp-on--click=\"actions.showLightbox\"\n\t\t\tdata-wp-style--right=\"state.imageButtonRight\"\n\t\t\tdata-wp-style--top=\"state.imageButtonTop\"\n\t\t>\n\t\t\t<svg xmlns=\"http:\/\/www.w3.org\/2000\/svg\" width=\"12\" height=\"12\" fill=\"none\" viewBox=\"0 0 12 12\">\n\t\t\t\t<path fill=\"#fff\" d=\"M2 0a2 2 0 0 0-2 2v2h1.5V2a.5.5 0 0 1 .5-.5h2V0H2Zm2 10.5H2a.5.5 0 0 1-.5-.5V8H0v2a2 2 0 0 0 2 2h2v-1.5ZM8 12v-1.5h2a.5.5 0 0 0 .5-.5V8H12v2a2 2 0 0 1-2 2H8Zm2-12a2 2 0 0 1 2 2v2h-1.5V2a.5.5 0 0 0-.5-.5H8V0h2Z\" \/>\n\t\t\t<\/svg>\n\t\t<\/button><figcaption class=\"wp-element-caption\">Amalfitana<\/figcaption><\/figure>\n\n\n\n<figure data-wp-context=\"{&quot;imageId&quot;:&quot;69f1f4baae10e&quot;}\" data-wp-interactive=\"core\/image\" data-wp-key=\"69f1f4baae10e\" class=\"wp-block-image size-large wp-lightbox-container\"><img loading=\"lazy\" decoding=\"async\" width=\"1024\" height=\"683\" data-wp-class--hide=\"state.isContentHidden\" data-wp-class--show=\"state.isContentVisible\" data-wp-init=\"callbacks.setButtonStyles\" data-wp-on--click=\"actions.showLightbox\" data-wp-on--load=\"callbacks.setButtonStyles\" data-wp-on-window--resize=\"callbacks.setButtonStyles\" data-id=\"1258\" src=\"https:\/\/piccboxx.com\/wp-content\/uploads\/2024\/02\/20230910131231-DSCN1780_PB-1024x683.jpg\" alt=\"\" class=\"wp-image-1258\" srcset=\"https:\/\/piccboxx.com\/wp-content\/uploads\/2024\/02\/20230910131231-DSCN1780_PB-1024x683.jpg 1024w, https:\/\/piccboxx.com\/wp-content\/uploads\/2024\/02\/20230910131231-DSCN1780_PB-300x200.jpg 300w, https:\/\/piccboxx.com\/wp-content\/uploads\/2024\/02\/20230910131231-DSCN1780_PB-768x512.jpg 768w, https:\/\/piccboxx.com\/wp-content\/uploads\/2024\/02\/20230910131231-DSCN1780_PB-1536x1024.jpg 1536w, https:\/\/piccboxx.com\/wp-content\/uploads\/2024\/02\/20230910131231-DSCN1780_PB-1140x760.jpg 1140w, https:\/\/piccboxx.com\/wp-content\/uploads\/2024\/02\/20230910131231-DSCN1780_PB.jpg 1600w\" sizes=\"auto, (max-width: 1024px) 100vw, 1024px\" \/><button\n\t\t\tclass=\"lightbox-trigger\"\n\t\t\ttype=\"button\"\n\t\t\taria-haspopup=\"dialog\"\n\t\t\taria-label=\"Vergr\u00f6\u00dfern\"\n\t\t\tdata-wp-init=\"callbacks.initTriggerButton\"\n\t\t\tdata-wp-on--click=\"actions.showLightbox\"\n\t\t\tdata-wp-style--right=\"state.imageButtonRight\"\n\t\t\tdata-wp-style--top=\"state.imageButtonTop\"\n\t\t>\n\t\t\t<svg xmlns=\"http:\/\/www.w3.org\/2000\/svg\" width=\"12\" height=\"12\" fill=\"none\" viewBox=\"0 0 12 12\">\n\t\t\t\t<path fill=\"#fff\" d=\"M2 0a2 2 0 0 0-2 2v2h1.5V2a.5.5 0 0 1 .5-.5h2V0H2Zm2 10.5H2a.5.5 0 0 1-.5-.5V8H0v2a2 2 0 0 0 2 2h2v-1.5ZM8 12v-1.5h2a.5.5 0 0 0 .5-.5V8H12v2a2 2 0 0 1-2 2H8Zm2-12a2 2 0 0 1 2 2v2h-1.5V2a.5.5 0 0 0-.5-.5H8V0h2Z\" \/>\n\t\t\t<\/svg>\n\t\t<\/button><\/figure>\n\n\n\n<figure data-wp-context=\"{&quot;imageId&quot;:&quot;69f1f4baae3e8&quot;}\" data-wp-interactive=\"core\/image\" data-wp-key=\"69f1f4baae3e8\" class=\"wp-block-image size-large wp-lightbox-container\"><img loading=\"lazy\" decoding=\"async\" width=\"1024\" height=\"424\" data-wp-class--hide=\"state.isContentHidden\" data-wp-class--show=\"state.isContentVisible\" data-wp-init=\"callbacks.setButtonStyles\" data-wp-on--click=\"actions.showLightbox\" data-wp-on--load=\"callbacks.setButtonStyles\" data-wp-on-window--resize=\"callbacks.setButtonStyles\" data-id=\"1546\" src=\"https:\/\/piccboxx.com\/wp-content\/uploads\/2024\/12\/Film0156_010_PB-1024x424.jpg\" alt=\"\" class=\"wp-image-1546\" srcset=\"https:\/\/piccboxx.com\/wp-content\/uploads\/2024\/12\/Film0156_010_PB-1024x424.jpg 1024w, https:\/\/piccboxx.com\/wp-content\/uploads\/2024\/12\/Film0156_010_PB-300x124.jpg 300w, https:\/\/piccboxx.com\/wp-content\/uploads\/2024\/12\/Film0156_010_PB-768x318.jpg 768w, https:\/\/piccboxx.com\/wp-content\/uploads\/2024\/12\/Film0156_010_PB-1536x636.jpg 1536w, https:\/\/piccboxx.com\/wp-content\/uploads\/2024\/12\/Film0156_010_PB-1140x472.jpg 1140w, https:\/\/piccboxx.com\/wp-content\/uploads\/2024\/12\/Film0156_010_PB.jpg 2000w\" sizes=\"auto, (max-width: 1024px) 100vw, 1024px\" \/><button\n\t\t\tclass=\"lightbox-trigger\"\n\t\t\ttype=\"button\"\n\t\t\taria-haspopup=\"dialog\"\n\t\t\taria-label=\"Vergr\u00f6\u00dfern\"\n\t\t\tdata-wp-init=\"callbacks.initTriggerButton\"\n\t\t\tdata-wp-on--click=\"actions.showLightbox\"\n\t\t\tdata-wp-style--right=\"state.imageButtonRight\"\n\t\t\tdata-wp-style--top=\"state.imageButtonTop\"\n\t\t>\n\t\t\t<svg xmlns=\"http:\/\/www.w3.org\/2000\/svg\" width=\"12\" height=\"12\" fill=\"none\" viewBox=\"0 0 12 12\">\n\t\t\t\t<path fill=\"#fff\" d=\"M2 0a2 2 0 0 0-2 2v2h1.5V2a.5.5 0 0 1 .5-.5h2V0H2Zm2 10.5H2a.5.5 0 0 1-.5-.5V8H0v2a2 2 0 0 0 2 2h2v-1.5ZM8 12v-1.5h2a.5.5 0 0 0 .5-.5V8H12v2a2 2 0 0 1-2 2H8Zm2-12a2 2 0 0 1 2 2v2h-1.5V2a.5.5 0 0 0-.5-.5H8V0h2Z\" \/>\n\t\t\t<\/svg>\n\t\t<\/button><\/figure>\n<\/figure>\n\n\n\n<div style=\"height:50px\" aria-hidden=\"true\" class=\"wp-block-spacer\"><\/div>\n\n\n\n<p>Ein weiteres Fahrzeug habe ich mir Ende 2024 zugelegt. Es ist wunderbar skuril und die Fahrt auf ihm ist so entspannend, dass man erm\u00fcdet, wie nach einem dicken Schnitzel. Es ist ein <a href=\"https:\/\/de.wikipedia.org\/wiki\/Honda_CN_250_Helix\" data-type=\"link\" data-id=\"https:\/\/de.wikipedia.org\/wiki\/Honda_CN_250_Helix\">Honda CN 250 Helix<\/a>, der noch umfangreich hergerichtet werden musste. Er hat einen sch\u00f6enen Kofferaum und der Motor ist kaum zu h\u00f6ren.<\/p>\n\n\n\n<div style=\"height:50px\" aria-hidden=\"true\" class=\"wp-block-spacer\"><\/div>\n\n\n\n<figure class=\"wp-block-gallery has-nested-images columns-default is-cropped wp-block-gallery-2 is-layout-flex wp-block-gallery-is-layout-flex\">\n<figure data-wp-context=\"{&quot;imageId&quot;:&quot;69f1f4baaebe4&quot;}\" data-wp-interactive=\"core\/image\" data-wp-key=\"69f1f4baaebe4\" class=\"wp-block-image size-large wp-lightbox-container\"><img loading=\"lazy\" decoding=\"async\" width=\"1024\" height=\"768\" data-wp-class--hide=\"state.isContentHidden\" data-wp-class--show=\"state.isContentVisible\" data-wp-init=\"callbacks.setButtonStyles\" data-wp-on--click=\"actions.showLightbox\" data-wp-on--load=\"callbacks.setButtonStyles\" data-wp-on-window--resize=\"callbacks.setButtonStyles\" data-id=\"1720\" src=\"https:\/\/piccboxx.com\/wp-content\/uploads\/2025\/03\/20241021_172523_HDR_PB-1024x768.jpg\" alt=\"\" class=\"wp-image-1720\" srcset=\"https:\/\/piccboxx.com\/wp-content\/uploads\/2025\/03\/20241021_172523_HDR_PB-1024x768.jpg 1024w, https:\/\/piccboxx.com\/wp-content\/uploads\/2025\/03\/20241021_172523_HDR_PB-300x225.jpg 300w, https:\/\/piccboxx.com\/wp-content\/uploads\/2025\/03\/20241021_172523_HDR_PB-768x576.jpg 768w, https:\/\/piccboxx.com\/wp-content\/uploads\/2025\/03\/20241021_172523_HDR_PB-1536x1152.jpg 1536w, https:\/\/piccboxx.com\/wp-content\/uploads\/2025\/03\/20241021_172523_HDR_PB-1140x855.jpg 1140w, https:\/\/piccboxx.com\/wp-content\/uploads\/2025\/03\/20241021_172523_HDR_PB.jpg 1600w\" sizes=\"auto, (max-width: 1024px) 100vw, 1024px\" \/><button\n\t\t\tclass=\"lightbox-trigger\"\n\t\t\ttype=\"button\"\n\t\t\taria-haspopup=\"dialog\"\n\t\t\taria-label=\"Vergr\u00f6\u00dfern\"\n\t\t\tdata-wp-init=\"callbacks.initTriggerButton\"\n\t\t\tdata-wp-on--click=\"actions.showLightbox\"\n\t\t\tdata-wp-style--right=\"state.imageButtonRight\"\n\t\t\tdata-wp-style--top=\"state.imageButtonTop\"\n\t\t>\n\t\t\t<svg xmlns=\"http:\/\/www.w3.org\/2000\/svg\" width=\"12\" height=\"12\" fill=\"none\" viewBox=\"0 0 12 12\">\n\t\t\t\t<path fill=\"#fff\" d=\"M2 0a2 2 0 0 0-2 2v2h1.5V2a.5.5 0 0 1 .5-.5h2V0H2Zm2 10.5H2a.5.5 0 0 1-.5-.5V8H0v2a2 2 0 0 0 2 2h2v-1.5ZM8 12v-1.5h2a.5.5 0 0 0 .5-.5V8H12v2a2 2 0 0 1-2 2H8Zm2-12a2 2 0 0 1 2 2v2h-1.5V2a.5.5 0 0 0-.5-.5H8V0h2Z\" \/>\n\t\t\t<\/svg>\n\t\t<\/button><\/figure>\n<\/figure>\n","protected":false},"excerpt":{"rendered":"<p>Das Einsatzfahrzeug Das Einsatzfahrzeug in der warmen Jahreszeit ist ein IWL Troll 1 aus dem Jahr 1963. Den hatte ich mir 2017 als Ersatzteilspender f\u00fcr ein Restaurationsprojekt angeschafft. Da er einen sch\u00f6nen Look vom jahrzehntelangem Herumstehen in einer alten Scheune hatte, wurde er zum Hauptprojekt. Einmal Volldemontage, alles neu gelagert und gedichtet und er l\u00e4uft wie ne Eins. Der beste Beweis daf\u00fcr war meine Tour durch Italien, bis an die Amalfik\u00fcste, r\u00fcber nach Montenegro und \u00fcber den Balkan zur\u00fcck nach Sachsen. 5000km ohne Panne. Ein weiteres Fahrzeug habe ich mir Ende 2024 zugelegt. Es ist wunderbar skuril und die Fahrt auf ihm ist so entspannend, dass man erm\u00fcdet, wie nach einem dicken Schnitzel. Es ist ein Honda CN 250 Helix, der noch umfangreich hergerichtet werden musste. Er hat einen sch\u00f6enen Kofferaum und der Motor ist kaum zu h\u00f6ren.<\/p>\n","protected":false},"author":1,"featured_media":0,"parent":0,"menu_order":0,"comment_status":"closed","ping_status":"closed","template":"","meta":{"footnotes":""},"class_list":["post-1256","page","type-page","status-publish","hentry"],"_links":{"self":[{"href":"https:\/\/piccboxx.com\/index.php\/wp-json\/wp\/v2\/pages\/1256","targetHints":{"allow":["GET"]}}],"collection":[{"href":"https:\/\/piccboxx.com\/index.php\/wp-json\/wp\/v2\/pages"}],"about":[{"href":"https:\/\/piccboxx.com\/index.php\/wp-json\/wp\/v2\/types\/page"}],"author":[{"embeddable":true,"href":"https:\/\/piccboxx.com\/index.php\/wp-json\/wp\/v2\/users\/1"}],"replies":[{"embeddable":true,"href":"https:\/\/piccboxx.com\/index.php\/wp-json\/wp\/v2\/comments?post=1256"}],"version-history":[{"count":16,"href":"https:\/\/piccboxx.com\/index.php\/wp-json\/wp\/v2\/pages\/1256\/revisions"}],"predecessor-version":[{"id":1869,"href":"https:\/\/piccboxx.com\/index.php\/wp-json\/wp\/v2\/pages\/1256\/revisions\/1869"}],"wp:attachment":[{"href":"https:\/\/piccboxx.com\/index.php\/wp-json\/wp\/v2\/media?parent=1256"}],"curies":[{"name":"wp","href":"https:\/\/api.w.org\/{rel}","templated":true}]}}