{"id":149,"date":"2024-01-16T21:00:25","date_gmt":"2024-01-16T20:00:25","guid":{"rendered":"https:\/\/piccboxx.com\/?page_id=149"},"modified":"2024-02-04T22:36:10","modified_gmt":"2024-02-04T21:36:10","slug":"datenschutz","status":"publish","type":"page","link":"https:\/\/piccboxx.com\/index.php\/datenschutz\/","title":{"rendered":"Datenschutz + Bildrechte"},"content":{"rendered":"\n<p>Das Recht am eigenen Bild sichert die Pers\u00f6nlichkeitsrechte der abgebildeten Personen und Gegenst\u00e4nde.<br>Das Kunsturheberrechtsgesetz besagt, dass jeder Mensch grunds\u00e4tzlich selbst dar\u00fcber bestimmt, ob und in welchem Zusammenhang Bilder von ihm ver\u00f6ffentlich werden. Die Einwilligung zur Ver\u00f6ffentlichung ist aber nur dann erforderlich, wenn die abgebildete Person individuell erkennbar ist.<\/p>\n\n\n\n<p>In der Datenschutzverordnung sind ebenfalls die Pers\u00f6nlichkeitsrechte abgebildeter Personen geregelt. Fotos auf dieser Seite werden nicht kommerziell verwertet.<br><strong>Keiner Einwilligung<\/strong>\u00a0bedarf es bei der Verbreitung und Ver\u00f6ffentlichung, wenn die Bilder zur Zeitgeschichte geh\u00f6ren, Personen auf den Bildern nur als Beiwerk erscheinen, Versammlungen, Aufz\u00fcge, Demonstrationen usf. abgebildet sind oder die Abbildungen einem h\u00f6heren Interesse der Kunst dienen (\u00a7 23 Absatz 1 KunstUrhG). Dies gilt jedoch ebenfalls nur, insofern die schutzw\u00fcrdigen Interessen des Abgebildeten bzw. dessen Angeh\u00f6rigen dadurch nicht verletzt werden.<\/p>\n\n\n\n<p>Hier wird davon ausgegangen, dass Teilnehmer solcher Events in Kauf nehmen, ohne deren individuelles Einverst\u00e4ndnis fotografiert zu werden.<\/p>\n\n\n\n<p>Das Urheberrecht am Bild liegt hingegen liegt hingegen beim Fotografen und genie\u00dft als sein geistiges Eigentum gesetzlichen Schutz.<\/p>\n\n\n\n<p>Zusammenfassend ist das Ausbalancieren dieser gesetzlichen Schutzmechanismen eine Gratwanderung. Fotos mit eindeutig erkennbaren Personen werden nur dann ver\u00f6ffentlicht, wenn diese dadurch nicht kompromittiert werden und sich als Bestandteil einer Veranstaltung darstellen.<\/p>\n\n\n\n<p>Sollte sich jemand ungerechtfertigt in Bildsammlungen auf dieser Internetseite wiederfinden, bitte ich um Kontaktaufnahme und das Foto wird umgehend gel\u00f6scht.<\/p>\n\n\n\n<p>Der Webmaster<\/p>\n","protected":false},"excerpt":{"rendered":"<p>Das Recht am eigenen Bild sichert die Pers\u00f6nlichkeitsrechte der abgebildeten Personen und Gegenst\u00e4nde.Das Kunsturheberrechtsgesetz besagt, dass jeder Mensch grunds\u00e4tzlich selbst dar\u00fcber bestimmt, ob und in welchem Zusammenhang Bilder von ihm ver\u00f6ffentlich werden. Die Einwilligung zur Ver\u00f6ffentlichung ist aber nur dann erforderlich, wenn die abgebildete Person individuell erkennbar ist. In der Datenschutzverordnung sind ebenfalls die Pers\u00f6nlichkeitsrechte abgebildeter Personen geregelt. Fotos auf dieser Seite werden nicht kommerziell verwertet.Keiner Einwilligung\u00a0bedarf es bei der Verbreitung und Ver\u00f6ffentlichung, wenn die Bilder zur Zeitgeschichte geh\u00f6ren, Personen auf den Bildern nur als Beiwerk erscheinen, Versammlungen, Aufz\u00fcge, Demonstrationen usf. abgebildet sind oder die Abbildungen einem h\u00f6heren Interesse der Kunst dienen (\u00a7 23 Absatz 1 KunstUrhG). Dies gilt jedoch ebenfalls nur, insofern die schutzw\u00fcrdigen Interessen des Abgebildeten bzw. dessen Angeh\u00f6rigen dadurch nicht verletzt werden. Hier wird davon ausgegangen, dass Teilnehmer solcher Events in Kauf nehmen, ohne deren individuelles Einverst\u00e4ndnis fotografiert zu werden. Das Urheberrecht am Bild liegt hingegen liegt hingegen beim Fotografen und genie\u00dft als sein geistiges Eigentum gesetzlichen Schutz. Zusammenfassend ist das Ausbalancieren dieser gesetzlichen Schutzmechanismen eine Gratwanderung. Fotos mit eindeutig erkennbaren Personen werden nur dann ver\u00f6ffentlicht, wenn diese dadurch nicht kompromittiert werden und sich als Bestandteil einer Veranstaltung darstellen. Sollte sich jemand ungerechtfertigt in Bildsammlungen auf dieser Internetseite wiederfinden, bitte ich um Kontaktaufnahme und das Foto wird umgehend gel\u00f6scht. Der Webmaster<\/p>\n","protected":false},"author":1,"featured_media":0,"parent":0,"menu_order":0,"comment_status":"closed","ping_status":"closed","template":"","meta":{"footnotes":""},"class_list":["post-149","page","type-page","status-publish","hentry"],"_links":{"self":[{"href":"https:\/\/piccboxx.com\/index.php\/wp-json\/wp\/v2\/pages\/149","targetHints":{"allow":["GET"]}}],"collection":[{"href":"https:\/\/piccboxx.com\/index.php\/wp-json\/wp\/v2\/pages"}],"about":[{"href":"https:\/\/piccboxx.com\/index.php\/wp-json\/wp\/v2\/types\/page"}],"author":[{"embeddable":true,"href":"https:\/\/piccboxx.com\/index.php\/wp-json\/wp\/v2\/users\/1"}],"replies":[{"embeddable":true,"href":"https:\/\/piccboxx.com\/index.php\/wp-json\/wp\/v2\/comments?post=149"}],"version-history":[{"count":2,"href":"https:\/\/piccboxx.com\/index.php\/wp-json\/wp\/v2\/pages\/149\/revisions"}],"predecessor-version":[{"id":1108,"href":"https:\/\/piccboxx.com\/index.php\/wp-json\/wp\/v2\/pages\/149\/revisions\/1108"}],"wp:attachment":[{"href":"https:\/\/piccboxx.com\/index.php\/wp-json\/wp\/v2\/media?parent=149"}],"curies":[{"name":"wp","href":"https:\/\/api.w.org\/{rel}","templated":true}]}}