{"id":150,"date":"2024-01-16T21:00:25","date_gmt":"2024-01-16T20:00:25","guid":{"rendered":"https:\/\/piccboxx.com\/?page_id=150"},"modified":"2025-09-12T23:16:12","modified_gmt":"2025-09-12T21:16:12","slug":"ueber-mich","status":"publish","type":"page","link":"https:\/\/piccboxx.com\/index.php\/ueber-mich\/","title":{"rendered":"About me"},"content":{"rendered":"\n<p>Vor 2 1\/2 Jahrzehnten kam ich durch eine geschenkte Kamera zur Fotografie. Mit dieser knipste ich alles M\u00f6gliche mehr oder weniger ansehnlich. Als technisch Interessierter wollte ich auch wissen, wie Filme entwickelt und Vergr\u00f6\u00dferungen hergestellt werden. Dabei ging jede Menge Kohle, besonders f\u00fcr das Fotopapier der Abz\u00fcge drauf.<\/p>\n\n\n\n<p>Auch heute begleitet mich die Analogfotografie, aber wesentlich kosteng\u00fcnstiger. Mehr dazu unter dem Kapitel <a href=\"https:\/\/piccboxx.com\/index.php\/technik\/\">Technik<\/a>. Es ist eher die Faszination an der Technik und dass Bed\u00fcrfnis nach bewusstem Fotografieren. Nicht dass massenhafte Knipsen und die Arbeit ausgefeilter Logarithmen fesselt, sondern die Freude an einem &#8222;erarbeitetem&#8220; Bild.<\/p>\n\n\n\n<div style=\"height:50px\" aria-hidden=\"true\" class=\"wp-block-spacer\"><\/div>\n\n\n\n<figure class=\"wp-block-gallery has-nested-images columns-default is-cropped wp-block-gallery-1 is-layout-flex wp-block-gallery-is-layout-flex\">\n<figure data-wp-context=\"{&quot;imageId&quot;:&quot;69f1f2b13f779&quot;}\" data-wp-interactive=\"core\/image\" data-wp-key=\"69f1f2b13f779\" class=\"wp-block-image size-large wp-lightbox-container\"><img loading=\"lazy\" decoding=\"async\" width=\"1024\" height=\"395\" data-wp-class--hide=\"state.isContentHidden\" data-wp-class--show=\"state.isContentVisible\" data-wp-init=\"callbacks.setButtonStyles\" data-wp-on--click=\"actions.showLightbox\" data-wp-on--load=\"callbacks.setButtonStyles\" data-wp-on-window--resize=\"callbacks.setButtonStyles\" data-id=\"986\" src=\"https:\/\/piccboxx.com\/wp-content\/uploads\/2024\/02\/Film0179_001_PB-1024x395.jpg\" alt=\"\" class=\"wp-image-986\" style=\"object-fit:cover\" srcset=\"https:\/\/piccboxx.com\/wp-content\/uploads\/2024\/02\/Film0179_001_PB-1024x395.jpg 1024w, https:\/\/piccboxx.com\/wp-content\/uploads\/2024\/02\/Film0179_001_PB-300x116.jpg 300w, https:\/\/piccboxx.com\/wp-content\/uploads\/2024\/02\/Film0179_001_PB-768x296.jpg 768w, https:\/\/piccboxx.com\/wp-content\/uploads\/2024\/02\/Film0179_001_PB-1536x592.jpg 1536w, https:\/\/piccboxx.com\/wp-content\/uploads\/2024\/02\/Film0179_001_PB-1140x439.jpg 1140w, https:\/\/piccboxx.com\/wp-content\/uploads\/2024\/02\/Film0179_001_PB.jpg 2000w\" sizes=\"auto, (max-width: 1024px) 100vw, 1024px\" \/><button\n\t\t\tclass=\"lightbox-trigger\"\n\t\t\ttype=\"button\"\n\t\t\taria-haspopup=\"dialog\"\n\t\t\taria-label=\"Vergr\u00f6\u00dfern\"\n\t\t\tdata-wp-init=\"callbacks.initTriggerButton\"\n\t\t\tdata-wp-on--click=\"actions.showLightbox\"\n\t\t\tdata-wp-style--right=\"state.imageButtonRight\"\n\t\t\tdata-wp-style--top=\"state.imageButtonTop\"\n\t\t>\n\t\t\t<svg xmlns=\"http:\/\/www.w3.org\/2000\/svg\" width=\"12\" height=\"12\" fill=\"none\" viewBox=\"0 0 12 12\">\n\t\t\t\t<path fill=\"#fff\" d=\"M2 0a2 2 0 0 0-2 2v2h1.5V2a.5.5 0 0 1 .5-.5h2V0H2Zm2 10.5H2a.5.5 0 0 1-.5-.5V8H0v2a2 2 0 0 0 2 2h2v-1.5ZM8 12v-1.5h2a.5.5 0 0 0 .5-.5V8H12v2a2 2 0 0 1-2 2H8Zm2-12a2 2 0 0 1 2 2v2h-1.5V2a.5.5 0 0 0-.5-.5H8V0h2Z\" \/>\n\t\t\t<\/svg>\n\t\t<\/button><figcaption class=\"wp-element-caption\">1 Sekunde mit der Noblex 135 U<\/figcaption><\/figure>\n<\/figure>\n","protected":false},"excerpt":{"rendered":"<p>Vor 2 1\/2 Jahrzehnten kam ich durch eine geschenkte Kamera zur Fotografie. Mit dieser knipste ich alles M\u00f6gliche mehr oder weniger ansehnlich. Als technisch Interessierter wollte ich auch wissen, wie Filme entwickelt und Vergr\u00f6\u00dferungen hergestellt werden. Dabei ging jede Menge Kohle, besonders f\u00fcr das Fotopapier der Abz\u00fcge drauf. Auch heute begleitet mich die Analogfotografie, aber wesentlich kosteng\u00fcnstiger. Mehr dazu unter dem Kapitel Technik. Es ist eher die Faszination an der Technik und dass Bed\u00fcrfnis nach bewusstem Fotografieren. Nicht dass massenhafte Knipsen und die Arbeit ausgefeilter Logarithmen fesselt, sondern die Freude an einem &#8222;erarbeitetem&#8220; Bild.<\/p>\n","protected":false},"author":1,"featured_media":0,"parent":0,"menu_order":0,"comment_status":"closed","ping_status":"closed","template":"","meta":{"footnotes":""},"class_list":["post-150","page","type-page","status-publish","hentry"],"_links":{"self":[{"href":"https:\/\/piccboxx.com\/index.php\/wp-json\/wp\/v2\/pages\/150","targetHints":{"allow":["GET"]}}],"collection":[{"href":"https:\/\/piccboxx.com\/index.php\/wp-json\/wp\/v2\/pages"}],"about":[{"href":"https:\/\/piccboxx.com\/index.php\/wp-json\/wp\/v2\/types\/page"}],"author":[{"embeddable":true,"href":"https:\/\/piccboxx.com\/index.php\/wp-json\/wp\/v2\/users\/1"}],"replies":[{"embeddable":true,"href":"https:\/\/piccboxx.com\/index.php\/wp-json\/wp\/v2\/comments?post=150"}],"version-history":[{"count":8,"href":"https:\/\/piccboxx.com\/index.php\/wp-json\/wp\/v2\/pages\/150\/revisions"}],"predecessor-version":[{"id":1806,"href":"https:\/\/piccboxx.com\/index.php\/wp-json\/wp\/v2\/pages\/150\/revisions\/1806"}],"wp:attachment":[{"href":"https:\/\/piccboxx.com\/index.php\/wp-json\/wp\/v2\/media?parent=150"}],"curies":[{"name":"wp","href":"https:\/\/api.w.org\/{rel}","templated":true}]}}