{"id":1826,"date":"2026-01-02T16:09:18","date_gmt":"2026-01-02T15:09:18","guid":{"rendered":"https:\/\/piccboxx.com\/?page_id=1826"},"modified":"2026-01-15T21:12:38","modified_gmt":"2026-01-15T20:12:38","slug":"frankreich","status":"publish","type":"page","link":"https:\/\/piccboxx.com\/index.php\/frankreich\/","title":{"rendered":"Frankreich"},"content":{"rendered":"\n<p>1997 ging es das erste Mal in unser Nachbarland Frankreich. Die Landschaft und das Licht der Provence lockte, der Lavendel und der Grand Canyon du Verdon. Berichte von Zur\u00fcckgekehrten sch\u00fcrten jedoch eine gewisse Skepsis, wie mit den Franzosen auszukommen sei.<br>Nat\u00fcrlich liegen hier historisches Erbe in der Luft und trifft auf das franz\u00f6siche Selbstbewusstsein.<br>Die Ger\u00fcchte konnten jedoch nicht best\u00e4tigt werden. Wir trafen durchweg auf freundliche Menschen, die sich nach einem freundlichen &#8222;Bonjour&#8220; auch auf andere Sprachen einlie\u00dfen.<\/p>\n\n\n\n<div style=\"height:50px\" aria-hidden=\"true\" class=\"wp-block-spacer\"><\/div>\n\n\n\n<figure class=\"wp-block-gallery has-nested-images columns-2 wp-block-gallery-1 is-layout-flex wp-block-gallery-is-layout-flex\">\n<figure data-wp-context=\"{&quot;imageId&quot;:&quot;69f1f2c40132e&quot;}\" data-wp-interactive=\"core\/image\" data-wp-key=\"69f1f2c40132e\" class=\"wp-block-image size-large wp-lightbox-container\"><img loading=\"lazy\" decoding=\"async\" width=\"683\" height=\"1024\" data-wp-class--hide=\"state.isContentHidden\" data-wp-class--show=\"state.isContentVisible\" data-wp-init=\"callbacks.setButtonStyles\" data-wp-on--click=\"actions.showLightbox\" data-wp-on--load=\"callbacks.setButtonStyles\" data-wp-on-window--resize=\"callbacks.setButtonStyles\" data-id=\"1833\" src=\"https:\/\/piccboxx.com\/wp-content\/uploads\/2026\/01\/20251124_DSCN1818_P330_PB-683x1024.jpg\" alt=\"\" class=\"wp-image-1833\" srcset=\"https:\/\/piccboxx.com\/wp-content\/uploads\/2026\/01\/20251124_DSCN1818_P330_PB-683x1024.jpg 683w, https:\/\/piccboxx.com\/wp-content\/uploads\/2026\/01\/20251124_DSCN1818_P330_PB-200x300.jpg 200w, https:\/\/piccboxx.com\/wp-content\/uploads\/2026\/01\/20251124_DSCN1818_P330_PB-768x1152.jpg 768w, https:\/\/piccboxx.com\/wp-content\/uploads\/2026\/01\/20251124_DSCN1818_P330_PB-1024x1536.jpg 1024w, https:\/\/piccboxx.com\/wp-content\/uploads\/2026\/01\/20251124_DSCN1818_P330_PB.jpg 1067w\" sizes=\"auto, (max-width: 683px) 100vw, 683px\" \/><button\n\t\t\tclass=\"lightbox-trigger\"\n\t\t\ttype=\"button\"\n\t\t\taria-haspopup=\"dialog\"\n\t\t\taria-label=\"Vergr\u00f6\u00dfern\"\n\t\t\tdata-wp-init=\"callbacks.initTriggerButton\"\n\t\t\tdata-wp-on--click=\"actions.showLightbox\"\n\t\t\tdata-wp-style--right=\"state.imageButtonRight\"\n\t\t\tdata-wp-style--top=\"state.imageButtonTop\"\n\t\t>\n\t\t\t<svg xmlns=\"http:\/\/www.w3.org\/2000\/svg\" width=\"12\" height=\"12\" fill=\"none\" viewBox=\"0 0 12 12\">\n\t\t\t\t<path fill=\"#fff\" d=\"M2 0a2 2 0 0 0-2 2v2h1.5V2a.5.5 0 0 1 .5-.5h2V0H2Zm2 10.5H2a.5.5 0 0 1-.5-.5V8H0v2a2 2 0 0 0 2 2h2v-1.5ZM8 12v-1.5h2a.5.5 0 0 0 .5-.5V8H12v2a2 2 0 0 1-2 2H8Zm2-12a2 2 0 0 1 2 2v2h-1.5V2a.5.5 0 0 0-.5-.5H8V0h2Z\" \/>\n\t\t\t<\/svg>\n\t\t<\/button><\/figure>\n\n\n\n<figure data-wp-context=\"{&quot;imageId&quot;:&quot;69f1f2c4016ac&quot;}\" data-wp-interactive=\"core\/image\" data-wp-key=\"69f1f2c4016ac\" class=\"wp-block-image size-large wp-lightbox-container\"><img loading=\"lazy\" decoding=\"async\" width=\"680\" height=\"1024\" data-wp-class--hide=\"state.isContentHidden\" data-wp-class--show=\"state.isContentVisible\" data-wp-init=\"callbacks.setButtonStyles\" data-wp-on--click=\"actions.showLightbox\" data-wp-on--load=\"callbacks.setButtonStyles\" data-wp-on-window--resize=\"callbacks.setButtonStyles\" data-id=\"1828\" src=\"https:\/\/piccboxx.com\/wp-content\/uploads\/2026\/01\/20190618-DSC03931_PB-680x1024.jpg\" alt=\"\" class=\"wp-image-1828\" srcset=\"https:\/\/piccboxx.com\/wp-content\/uploads\/2026\/01\/20190618-DSC03931_PB-680x1024.jpg 680w, https:\/\/piccboxx.com\/wp-content\/uploads\/2026\/01\/20190618-DSC03931_PB-199x300.jpg 199w, https:\/\/piccboxx.com\/wp-content\/uploads\/2026\/01\/20190618-DSC03931_PB-768x1156.jpg 768w, https:\/\/piccboxx.com\/wp-content\/uploads\/2026\/01\/20190618-DSC03931_PB-1020x1536.jpg 1020w, https:\/\/piccboxx.com\/wp-content\/uploads\/2026\/01\/20190618-DSC03931_PB.jpg 1063w\" sizes=\"auto, (max-width: 680px) 100vw, 680px\" \/><button\n\t\t\tclass=\"lightbox-trigger\"\n\t\t\ttype=\"button\"\n\t\t\taria-haspopup=\"dialog\"\n\t\t\taria-label=\"Vergr\u00f6\u00dfern\"\n\t\t\tdata-wp-init=\"callbacks.initTriggerButton\"\n\t\t\tdata-wp-on--click=\"actions.showLightbox\"\n\t\t\tdata-wp-style--right=\"state.imageButtonRight\"\n\t\t\tdata-wp-style--top=\"state.imageButtonTop\"\n\t\t>\n\t\t\t<svg xmlns=\"http:\/\/www.w3.org\/2000\/svg\" width=\"12\" height=\"12\" fill=\"none\" viewBox=\"0 0 12 12\">\n\t\t\t\t<path fill=\"#fff\" d=\"M2 0a2 2 0 0 0-2 2v2h1.5V2a.5.5 0 0 1 .5-.5h2V0H2Zm2 10.5H2a.5.5 0 0 1-.5-.5V8H0v2a2 2 0 0 0 2 2h2v-1.5ZM8 12v-1.5h2a.5.5 0 0 0 .5-.5V8H12v2a2 2 0 0 1-2 2H8Zm2-12a2 2 0 0 1 2 2v2h-1.5V2a.5.5 0 0 0-.5-.5H8V0h2Z\" \/>\n\t\t\t<\/svg>\n\t\t<\/button><figcaption class=\"wp-element-caption\">Pont du Chatelet<\/figcaption><\/figure>\n\n\n\n<figure data-wp-context=\"{&quot;imageId&quot;:&quot;69f1f2c4019f2&quot;}\" data-wp-interactive=\"core\/image\" data-wp-key=\"69f1f2c4019f2\" class=\"wp-block-image size-large wp-lightbox-container\"><img loading=\"lazy\" decoding=\"async\" width=\"1024\" height=\"683\" data-wp-class--hide=\"state.isContentHidden\" data-wp-class--show=\"state.isContentVisible\" data-wp-init=\"callbacks.setButtonStyles\" data-wp-on--click=\"actions.showLightbox\" data-wp-on--load=\"callbacks.setButtonStyles\" data-wp-on-window--resize=\"callbacks.setButtonStyles\" data-id=\"1840\" src=\"https:\/\/piccboxx.com\/wp-content\/uploads\/2026\/01\/20251127_DSCN1854_P330_PB-1024x683.jpg\" alt=\"\" class=\"wp-image-1840\" srcset=\"https:\/\/piccboxx.com\/wp-content\/uploads\/2026\/01\/20251127_DSCN1854_P330_PB-1024x683.jpg 1024w, https:\/\/piccboxx.com\/wp-content\/uploads\/2026\/01\/20251127_DSCN1854_P330_PB-300x200.jpg 300w, https:\/\/piccboxx.com\/wp-content\/uploads\/2026\/01\/20251127_DSCN1854_P330_PB-768x512.jpg 768w, https:\/\/piccboxx.com\/wp-content\/uploads\/2026\/01\/20251127_DSCN1854_P330_PB-1536x1024.jpg 1536w, https:\/\/piccboxx.com\/wp-content\/uploads\/2026\/01\/20251127_DSCN1854_P330_PB-1140x760.jpg 1140w, https:\/\/piccboxx.com\/wp-content\/uploads\/2026\/01\/20251127_DSCN1854_P330_PB.jpg 1600w\" sizes=\"auto, (max-width: 1024px) 100vw, 1024px\" \/><button\n\t\t\tclass=\"lightbox-trigger\"\n\t\t\ttype=\"button\"\n\t\t\taria-haspopup=\"dialog\"\n\t\t\taria-label=\"Vergr\u00f6\u00dfern\"\n\t\t\tdata-wp-init=\"callbacks.initTriggerButton\"\n\t\t\tdata-wp-on--click=\"actions.showLightbox\"\n\t\t\tdata-wp-style--right=\"state.imageButtonRight\"\n\t\t\tdata-wp-style--top=\"state.imageButtonTop\"\n\t\t>\n\t\t\t<svg xmlns=\"http:\/\/www.w3.org\/2000\/svg\" width=\"12\" height=\"12\" fill=\"none\" viewBox=\"0 0 12 12\">\n\t\t\t\t<path fill=\"#fff\" d=\"M2 0a2 2 0 0 0-2 2v2h1.5V2a.5.5 0 0 1 .5-.5h2V0H2Zm2 10.5H2a.5.5 0 0 1-.5-.5V8H0v2a2 2 0 0 0 2 2h2v-1.5ZM8 12v-1.5h2a.5.5 0 0 0 .5-.5V8H12v2a2 2 0 0 1-2 2H8Zm2-12a2 2 0 0 1 2 2v2h-1.5V2a.5.5 0 0 0-.5-.5H8V0h2Z\" \/>\n\t\t\t<\/svg>\n\t\t<\/button><\/figure>\n\n\n\n<figure data-wp-context=\"{&quot;imageId&quot;:&quot;69f1f2c401d3f&quot;}\" data-wp-interactive=\"core\/image\" data-wp-key=\"69f1f2c401d3f\" class=\"wp-block-image size-large wp-lightbox-container\"><img loading=\"lazy\" decoding=\"async\" width=\"1024\" height=\"437\" data-wp-class--hide=\"state.isContentHidden\" data-wp-class--show=\"state.isContentVisible\" data-wp-init=\"callbacks.setButtonStyles\" data-wp-on--click=\"actions.showLightbox\" data-wp-on--load=\"callbacks.setButtonStyles\" data-wp-on-window--resize=\"callbacks.setButtonStyles\" data-id=\"1831\" src=\"https:\/\/piccboxx.com\/wp-content\/uploads\/2026\/01\/20241108_Film0266_003_PB-1024x437.jpg\" alt=\"\" class=\"wp-image-1831\" srcset=\"https:\/\/piccboxx.com\/wp-content\/uploads\/2026\/01\/20241108_Film0266_003_PB-1024x437.jpg 1024w, https:\/\/piccboxx.com\/wp-content\/uploads\/2026\/01\/20241108_Film0266_003_PB-300x128.jpg 300w, https:\/\/piccboxx.com\/wp-content\/uploads\/2026\/01\/20241108_Film0266_003_PB-768x328.jpg 768w, https:\/\/piccboxx.com\/wp-content\/uploads\/2026\/01\/20241108_Film0266_003_PB-1536x655.jpg 1536w, https:\/\/piccboxx.com\/wp-content\/uploads\/2026\/01\/20241108_Film0266_003_PB-1140x486.jpg 1140w, https:\/\/piccboxx.com\/wp-content\/uploads\/2026\/01\/20241108_Film0266_003_PB.jpg 2000w\" sizes=\"auto, (max-width: 1024px) 100vw, 1024px\" \/><button\n\t\t\tclass=\"lightbox-trigger\"\n\t\t\ttype=\"button\"\n\t\t\taria-haspopup=\"dialog\"\n\t\t\taria-label=\"Vergr\u00f6\u00dfern\"\n\t\t\tdata-wp-init=\"callbacks.initTriggerButton\"\n\t\t\tdata-wp-on--click=\"actions.showLightbox\"\n\t\t\tdata-wp-style--right=\"state.imageButtonRight\"\n\t\t\tdata-wp-style--top=\"state.imageButtonTop\"\n\t\t>\n\t\t\t<svg xmlns=\"http:\/\/www.w3.org\/2000\/svg\" width=\"12\" height=\"12\" fill=\"none\" viewBox=\"0 0 12 12\">\n\t\t\t\t<path fill=\"#fff\" d=\"M2 0a2 2 0 0 0-2 2v2h1.5V2a.5.5 0 0 1 .5-.5h2V0H2Zm2 10.5H2a.5.5 0 0 1-.5-.5V8H0v2a2 2 0 0 0 2 2h2v-1.5ZM8 12v-1.5h2a.5.5 0 0 0 .5-.5V8H12v2a2 2 0 0 1-2 2H8Zm2-12a2 2 0 0 1 2 2v2h-1.5V2a.5.5 0 0 0-.5-.5H8V0h2Z\" \/>\n\t\t\t<\/svg>\n\t\t<\/button><\/figure>\n\n\n\n<figure data-wp-context=\"{&quot;imageId&quot;:&quot;69f1f2c4020bc&quot;}\" data-wp-interactive=\"core\/image\" data-wp-key=\"69f1f2c4020bc\" class=\"wp-block-image size-large wp-lightbox-container\"><img loading=\"lazy\" decoding=\"async\" width=\"1024\" height=\"424\" data-wp-class--hide=\"state.isContentHidden\" data-wp-class--show=\"state.isContentVisible\" data-wp-init=\"callbacks.setButtonStyles\" data-wp-on--click=\"actions.showLightbox\" data-wp-on--load=\"callbacks.setButtonStyles\" data-wp-on-window--resize=\"callbacks.setButtonStyles\" data-id=\"1842\" src=\"https:\/\/piccboxx.com\/wp-content\/uploads\/2026\/01\/20251204_Film0344_018_PB-1024x424.jpg\" alt=\"\" class=\"wp-image-1842\" srcset=\"https:\/\/piccboxx.com\/wp-content\/uploads\/2026\/01\/20251204_Film0344_018_PB-1024x424.jpg 1024w, https:\/\/piccboxx.com\/wp-content\/uploads\/2026\/01\/20251204_Film0344_018_PB-300x124.jpg 300w, https:\/\/piccboxx.com\/wp-content\/uploads\/2026\/01\/20251204_Film0344_018_PB-768x318.jpg 768w, https:\/\/piccboxx.com\/wp-content\/uploads\/2026\/01\/20251204_Film0344_018_PB-1536x636.jpg 1536w, https:\/\/piccboxx.com\/wp-content\/uploads\/2026\/01\/20251204_Film0344_018_PB-1140x472.jpg 1140w, https:\/\/piccboxx.com\/wp-content\/uploads\/2026\/01\/20251204_Film0344_018_PB.jpg 2000w\" sizes=\"auto, (max-width: 1024px) 100vw, 1024px\" \/><button\n\t\t\tclass=\"lightbox-trigger\"\n\t\t\ttype=\"button\"\n\t\t\taria-haspopup=\"dialog\"\n\t\t\taria-label=\"Vergr\u00f6\u00dfern\"\n\t\t\tdata-wp-init=\"callbacks.initTriggerButton\"\n\t\t\tdata-wp-on--click=\"actions.showLightbox\"\n\t\t\tdata-wp-style--right=\"state.imageButtonRight\"\n\t\t\tdata-wp-style--top=\"state.imageButtonTop\"\n\t\t>\n\t\t\t<svg xmlns=\"http:\/\/www.w3.org\/2000\/svg\" width=\"12\" height=\"12\" fill=\"none\" viewBox=\"0 0 12 12\">\n\t\t\t\t<path fill=\"#fff\" d=\"M2 0a2 2 0 0 0-2 2v2h1.5V2a.5.5 0 0 1 .5-.5h2V0H2Zm2 10.5H2a.5.5 0 0 1-.5-.5V8H0v2a2 2 0 0 0 2 2h2v-1.5ZM8 12v-1.5h2a.5.5 0 0 0 .5-.5V8H12v2a2 2 0 0 1-2 2H8Zm2-12a2 2 0 0 1 2 2v2h-1.5V2a.5.5 0 0 0-.5-.5H8V0h2Z\" \/>\n\t\t\t<\/svg>\n\t\t<\/button><\/figure>\n\n\n\n<figure data-wp-context=\"{&quot;imageId&quot;:&quot;69f1f2c40240f&quot;}\" data-wp-interactive=\"core\/image\" data-wp-key=\"69f1f2c40240f\" class=\"wp-block-image size-large wp-lightbox-container\"><img loading=\"lazy\" decoding=\"async\" width=\"1024\" height=\"424\" data-wp-class--hide=\"state.isContentHidden\" data-wp-class--show=\"state.isContentVisible\" data-wp-init=\"callbacks.setButtonStyles\" data-wp-on--click=\"actions.showLightbox\" data-wp-on--load=\"callbacks.setButtonStyles\" data-wp-on-window--resize=\"callbacks.setButtonStyles\" data-id=\"1841\" src=\"https:\/\/piccboxx.com\/wp-content\/uploads\/2026\/01\/20251207_Film0347_007_PB-1024x424.jpg\" alt=\"\" class=\"wp-image-1841\" srcset=\"https:\/\/piccboxx.com\/wp-content\/uploads\/2026\/01\/20251207_Film0347_007_PB-1024x424.jpg 1024w, https:\/\/piccboxx.com\/wp-content\/uploads\/2026\/01\/20251207_Film0347_007_PB-300x124.jpg 300w, https:\/\/piccboxx.com\/wp-content\/uploads\/2026\/01\/20251207_Film0347_007_PB-768x318.jpg 768w, https:\/\/piccboxx.com\/wp-content\/uploads\/2026\/01\/20251207_Film0347_007_PB-1536x636.jpg 1536w, https:\/\/piccboxx.com\/wp-content\/uploads\/2026\/01\/20251207_Film0347_007_PB-1140x472.jpg 1140w, https:\/\/piccboxx.com\/wp-content\/uploads\/2026\/01\/20251207_Film0347_007_PB.jpg 2000w\" sizes=\"auto, (max-width: 1024px) 100vw, 1024px\" \/><button\n\t\t\tclass=\"lightbox-trigger\"\n\t\t\ttype=\"button\"\n\t\t\taria-haspopup=\"dialog\"\n\t\t\taria-label=\"Vergr\u00f6\u00dfern\"\n\t\t\tdata-wp-init=\"callbacks.initTriggerButton\"\n\t\t\tdata-wp-on--click=\"actions.showLightbox\"\n\t\t\tdata-wp-style--right=\"state.imageButtonRight\"\n\t\t\tdata-wp-style--top=\"state.imageButtonTop\"\n\t\t>\n\t\t\t<svg xmlns=\"http:\/\/www.w3.org\/2000\/svg\" width=\"12\" height=\"12\" fill=\"none\" viewBox=\"0 0 12 12\">\n\t\t\t\t<path fill=\"#fff\" d=\"M2 0a2 2 0 0 0-2 2v2h1.5V2a.5.5 0 0 1 .5-.5h2V0H2Zm2 10.5H2a.5.5 0 0 1-.5-.5V8H0v2a2 2 0 0 0 2 2h2v-1.5ZM8 12v-1.5h2a.5.5 0 0 0 .5-.5V8H12v2a2 2 0 0 1-2 2H8Zm2-12a2 2 0 0 1 2 2v2h-1.5V2a.5.5 0 0 0-.5-.5H8V0h2Z\" \/>\n\t\t\t<\/svg>\n\t\t<\/button><\/figure>\n\n\n\n<figure data-wp-context=\"{&quot;imageId&quot;:&quot;69f1f2c402718&quot;}\" data-wp-interactive=\"core\/image\" data-wp-key=\"69f1f2c402718\" class=\"wp-block-image size-large wp-lightbox-container\"><img loading=\"lazy\" decoding=\"async\" width=\"1024\" height=\"424\" data-wp-class--hide=\"state.isContentHidden\" data-wp-class--show=\"state.isContentVisible\" data-wp-init=\"callbacks.setButtonStyles\" data-wp-on--click=\"actions.showLightbox\" data-wp-on--load=\"callbacks.setButtonStyles\" data-wp-on-window--resize=\"callbacks.setButtonStyles\" data-id=\"1848\" src=\"https:\/\/piccboxx.com\/wp-content\/uploads\/2026\/01\/20240630184632-Film0240_005_PB-1024x424.jpg\" alt=\"\" class=\"wp-image-1848\" srcset=\"https:\/\/piccboxx.com\/wp-content\/uploads\/2026\/01\/20240630184632-Film0240_005_PB-1024x424.jpg 1024w, https:\/\/piccboxx.com\/wp-content\/uploads\/2026\/01\/20240630184632-Film0240_005_PB-300x124.jpg 300w, https:\/\/piccboxx.com\/wp-content\/uploads\/2026\/01\/20240630184632-Film0240_005_PB-768x318.jpg 768w, https:\/\/piccboxx.com\/wp-content\/uploads\/2026\/01\/20240630184632-Film0240_005_PB-1536x636.jpg 1536w, https:\/\/piccboxx.com\/wp-content\/uploads\/2026\/01\/20240630184632-Film0240_005_PB-1140x472.jpg 1140w, https:\/\/piccboxx.com\/wp-content\/uploads\/2026\/01\/20240630184632-Film0240_005_PB.jpg 2000w\" sizes=\"auto, (max-width: 1024px) 100vw, 1024px\" \/><button\n\t\t\tclass=\"lightbox-trigger\"\n\t\t\ttype=\"button\"\n\t\t\taria-haspopup=\"dialog\"\n\t\t\taria-label=\"Vergr\u00f6\u00dfern\"\n\t\t\tdata-wp-init=\"callbacks.initTriggerButton\"\n\t\t\tdata-wp-on--click=\"actions.showLightbox\"\n\t\t\tdata-wp-style--right=\"state.imageButtonRight\"\n\t\t\tdata-wp-style--top=\"state.imageButtonTop\"\n\t\t>\n\t\t\t<svg xmlns=\"http:\/\/www.w3.org\/2000\/svg\" width=\"12\" height=\"12\" fill=\"none\" viewBox=\"0 0 12 12\">\n\t\t\t\t<path fill=\"#fff\" d=\"M2 0a2 2 0 0 0-2 2v2h1.5V2a.5.5 0 0 1 .5-.5h2V0H2Zm2 10.5H2a.5.5 0 0 1-.5-.5V8H0v2a2 2 0 0 0 2 2h2v-1.5ZM8 12v-1.5h2a.5.5 0 0 0 .5-.5V8H12v2a2 2 0 0 1-2 2H8Zm2-12a2 2 0 0 1 2 2v2h-1.5V2a.5.5 0 0 0-.5-.5H8V0h2Z\" \/>\n\t\t\t<\/svg>\n\t\t<\/button><\/figure>\n\n\n\n<figure data-wp-context=\"{&quot;imageId&quot;:&quot;69f1f2c402a1b&quot;}\" data-wp-interactive=\"core\/image\" data-wp-key=\"69f1f2c402a1b\" class=\"wp-block-image size-large wp-lightbox-container\"><img loading=\"lazy\" decoding=\"async\" width=\"1024\" height=\"424\" data-wp-class--hide=\"state.isContentHidden\" data-wp-class--show=\"state.isContentVisible\" data-wp-init=\"callbacks.setButtonStyles\" data-wp-on--click=\"actions.showLightbox\" data-wp-on--load=\"callbacks.setButtonStyles\" data-wp-on-window--resize=\"callbacks.setButtonStyles\" data-id=\"1850\" src=\"https:\/\/piccboxx.com\/wp-content\/uploads\/2026\/01\/20251204_Film0344_009_PB-1024x424.jpg\" alt=\"\" class=\"wp-image-1850\" srcset=\"https:\/\/piccboxx.com\/wp-content\/uploads\/2026\/01\/20251204_Film0344_009_PB-1024x424.jpg 1024w, https:\/\/piccboxx.com\/wp-content\/uploads\/2026\/01\/20251204_Film0344_009_PB-300x124.jpg 300w, https:\/\/piccboxx.com\/wp-content\/uploads\/2026\/01\/20251204_Film0344_009_PB-768x318.jpg 768w, https:\/\/piccboxx.com\/wp-content\/uploads\/2026\/01\/20251204_Film0344_009_PB-1536x636.jpg 1536w, https:\/\/piccboxx.com\/wp-content\/uploads\/2026\/01\/20251204_Film0344_009_PB-1140x472.jpg 1140w, https:\/\/piccboxx.com\/wp-content\/uploads\/2026\/01\/20251204_Film0344_009_PB.jpg 2000w\" sizes=\"auto, (max-width: 1024px) 100vw, 1024px\" \/><button\n\t\t\tclass=\"lightbox-trigger\"\n\t\t\ttype=\"button\"\n\t\t\taria-haspopup=\"dialog\"\n\t\t\taria-label=\"Vergr\u00f6\u00dfern\"\n\t\t\tdata-wp-init=\"callbacks.initTriggerButton\"\n\t\t\tdata-wp-on--click=\"actions.showLightbox\"\n\t\t\tdata-wp-style--right=\"state.imageButtonRight\"\n\t\t\tdata-wp-style--top=\"state.imageButtonTop\"\n\t\t>\n\t\t\t<svg xmlns=\"http:\/\/www.w3.org\/2000\/svg\" width=\"12\" height=\"12\" fill=\"none\" viewBox=\"0 0 12 12\">\n\t\t\t\t<path fill=\"#fff\" d=\"M2 0a2 2 0 0 0-2 2v2h1.5V2a.5.5 0 0 1 .5-.5h2V0H2Zm2 10.5H2a.5.5 0 0 1-.5-.5V8H0v2a2 2 0 0 0 2 2h2v-1.5ZM8 12v-1.5h2a.5.5 0 0 0 .5-.5V8H12v2a2 2 0 0 1-2 2H8Zm2-12a2 2 0 0 1 2 2v2h-1.5V2a.5.5 0 0 0-.5-.5H8V0h2Z\" \/>\n\t\t\t<\/svg>\n\t\t<\/button><\/figure>\n\n\n\n<figure data-wp-context=\"{&quot;imageId&quot;:&quot;69f1f2c402d0a&quot;}\" data-wp-interactive=\"core\/image\" data-wp-key=\"69f1f2c402d0a\" class=\"wp-block-image size-large wp-lightbox-container\"><img loading=\"lazy\" decoding=\"async\" width=\"429\" height=\"1024\" data-wp-class--hide=\"state.isContentHidden\" data-wp-class--show=\"state.isContentVisible\" data-wp-init=\"callbacks.setButtonStyles\" data-wp-on--click=\"actions.showLightbox\" data-wp-on--load=\"callbacks.setButtonStyles\" data-wp-on-window--resize=\"callbacks.setButtonStyles\" data-id=\"1856\" src=\"https:\/\/piccboxx.com\/wp-content\/uploads\/2026\/01\/20240721175752-Film0247_017_PB-1-429x1024.jpg\" alt=\"\" class=\"wp-image-1856\" srcset=\"https:\/\/piccboxx.com\/wp-content\/uploads\/2026\/01\/20240721175752-Film0247_017_PB-1-429x1024.jpg 429w, https:\/\/piccboxx.com\/wp-content\/uploads\/2026\/01\/20240721175752-Film0247_017_PB-1-126x300.jpg 126w, https:\/\/piccboxx.com\/wp-content\/uploads\/2026\/01\/20240721175752-Film0247_017_PB-1-768x1833.jpg 768w, https:\/\/piccboxx.com\/wp-content\/uploads\/2026\/01\/20240721175752-Film0247_017_PB-1-644x1536.jpg 644w, https:\/\/piccboxx.com\/wp-content\/uploads\/2026\/01\/20240721175752-Film0247_017_PB-1.jpg 838w\" sizes=\"auto, (max-width: 429px) 100vw, 429px\" \/><button\n\t\t\tclass=\"lightbox-trigger\"\n\t\t\ttype=\"button\"\n\t\t\taria-haspopup=\"dialog\"\n\t\t\taria-label=\"Vergr\u00f6\u00dfern\"\n\t\t\tdata-wp-init=\"callbacks.initTriggerButton\"\n\t\t\tdata-wp-on--click=\"actions.showLightbox\"\n\t\t\tdata-wp-style--right=\"state.imageButtonRight\"\n\t\t\tdata-wp-style--top=\"state.imageButtonTop\"\n\t\t>\n\t\t\t<svg xmlns=\"http:\/\/www.w3.org\/2000\/svg\" width=\"12\" height=\"12\" fill=\"none\" viewBox=\"0 0 12 12\">\n\t\t\t\t<path fill=\"#fff\" d=\"M2 0a2 2 0 0 0-2 2v2h1.5V2a.5.5 0 0 1 .5-.5h2V0H2Zm2 10.5H2a.5.5 0 0 1-.5-.5V8H0v2a2 2 0 0 0 2 2h2v-1.5ZM8 12v-1.5h2a.5.5 0 0 0 .5-.5V8H12v2a2 2 0 0 1-2 2H8Zm2-12a2 2 0 0 1 2 2v2h-1.5V2a.5.5 0 0 0-.5-.5H8V0h2Z\" \/>\n\t\t\t<\/svg>\n\t\t<\/button><\/figure>\n\n\n\n<figure data-wp-context=\"{&quot;imageId&quot;:&quot;69f1f2c403017&quot;}\" data-wp-interactive=\"core\/image\" data-wp-key=\"69f1f2c403017\" class=\"wp-block-image size-large wp-lightbox-container\"><img loading=\"lazy\" decoding=\"async\" width=\"423\" height=\"1024\" data-wp-class--hide=\"state.isContentHidden\" data-wp-class--show=\"state.isContentVisible\" data-wp-init=\"callbacks.setButtonStyles\" data-wp-on--click=\"actions.showLightbox\" data-wp-on--load=\"callbacks.setButtonStyles\" data-wp-on-window--resize=\"callbacks.setButtonStyles\" data-id=\"1851\" src=\"https:\/\/piccboxx.com\/wp-content\/uploads\/2026\/01\/20251222_Film0361_014_PB-423x1024.jpg\" alt=\"\" class=\"wp-image-1851\" srcset=\"https:\/\/piccboxx.com\/wp-content\/uploads\/2026\/01\/20251222_Film0361_014_PB-423x1024.jpg 423w, https:\/\/piccboxx.com\/wp-content\/uploads\/2026\/01\/20251222_Film0361_014_PB-124x300.jpg 124w, https:\/\/piccboxx.com\/wp-content\/uploads\/2026\/01\/20251222_Film0361_014_PB-768x1857.jpg 768w, https:\/\/piccboxx.com\/wp-content\/uploads\/2026\/01\/20251222_Film0361_014_PB-635x1536.jpg 635w, https:\/\/piccboxx.com\/wp-content\/uploads\/2026\/01\/20251222_Film0361_014_PB.jpg 827w\" sizes=\"auto, (max-width: 423px) 100vw, 423px\" \/><button\n\t\t\tclass=\"lightbox-trigger\"\n\t\t\ttype=\"button\"\n\t\t\taria-haspopup=\"dialog\"\n\t\t\taria-label=\"Vergr\u00f6\u00dfern\"\n\t\t\tdata-wp-init=\"callbacks.initTriggerButton\"\n\t\t\tdata-wp-on--click=\"actions.showLightbox\"\n\t\t\tdata-wp-style--right=\"state.imageButtonRight\"\n\t\t\tdata-wp-style--top=\"state.imageButtonTop\"\n\t\t>\n\t\t\t<svg xmlns=\"http:\/\/www.w3.org\/2000\/svg\" width=\"12\" height=\"12\" fill=\"none\" viewBox=\"0 0 12 12\">\n\t\t\t\t<path fill=\"#fff\" d=\"M2 0a2 2 0 0 0-2 2v2h1.5V2a.5.5 0 0 1 .5-.5h2V0H2Zm2 10.5H2a.5.5 0 0 1-.5-.5V8H0v2a2 2 0 0 0 2 2h2v-1.5ZM8 12v-1.5h2a.5.5 0 0 0 .5-.5V8H12v2a2 2 0 0 1-2 2H8Zm2-12a2 2 0 0 1 2 2v2h-1.5V2a.5.5 0 0 0-.5-.5H8V0h2Z\" \/>\n\t\t\t<\/svg>\n\t\t<\/button><\/figure>\n\n\n\n<figure data-wp-context=\"{&quot;imageId&quot;:&quot;69f1f2c4033e2&quot;}\" data-wp-interactive=\"core\/image\" data-wp-key=\"69f1f2c4033e2\" class=\"wp-block-image size-large wp-lightbox-container\"><img loading=\"lazy\" decoding=\"async\" width=\"1024\" height=\"424\" data-wp-class--hide=\"state.isContentHidden\" data-wp-class--show=\"state.isContentVisible\" data-wp-init=\"callbacks.setButtonStyles\" data-wp-on--click=\"actions.showLightbox\" data-wp-on--load=\"callbacks.setButtonStyles\" data-wp-on-window--resize=\"callbacks.setButtonStyles\" data-id=\"1855\" src=\"https:\/\/piccboxx.com\/wp-content\/uploads\/2026\/01\/20240721141419-Film0245_003_PB-1-1024x424.jpg\" alt=\"\" class=\"wp-image-1855\" srcset=\"https:\/\/piccboxx.com\/wp-content\/uploads\/2026\/01\/20240721141419-Film0245_003_PB-1-1024x424.jpg 1024w, https:\/\/piccboxx.com\/wp-content\/uploads\/2026\/01\/20240721141419-Film0245_003_PB-1-300x124.jpg 300w, https:\/\/piccboxx.com\/wp-content\/uploads\/2026\/01\/20240721141419-Film0245_003_PB-1-768x318.jpg 768w, https:\/\/piccboxx.com\/wp-content\/uploads\/2026\/01\/20240721141419-Film0245_003_PB-1-1536x636.jpg 1536w, https:\/\/piccboxx.com\/wp-content\/uploads\/2026\/01\/20240721141419-Film0245_003_PB-1-1140x472.jpg 1140w, https:\/\/piccboxx.com\/wp-content\/uploads\/2026\/01\/20240721141419-Film0245_003_PB-1.jpg 2000w\" sizes=\"auto, (max-width: 1024px) 100vw, 1024px\" \/><button\n\t\t\tclass=\"lightbox-trigger\"\n\t\t\ttype=\"button\"\n\t\t\taria-haspopup=\"dialog\"\n\t\t\taria-label=\"Vergr\u00f6\u00dfern\"\n\t\t\tdata-wp-init=\"callbacks.initTriggerButton\"\n\t\t\tdata-wp-on--click=\"actions.showLightbox\"\n\t\t\tdata-wp-style--right=\"state.imageButtonRight\"\n\t\t\tdata-wp-style--top=\"state.imageButtonTop\"\n\t\t>\n\t\t\t<svg xmlns=\"http:\/\/www.w3.org\/2000\/svg\" width=\"12\" height=\"12\" fill=\"none\" viewBox=\"0 0 12 12\">\n\t\t\t\t<path fill=\"#fff\" d=\"M2 0a2 2 0 0 0-2 2v2h1.5V2a.5.5 0 0 1 .5-.5h2V0H2Zm2 10.5H2a.5.5 0 0 1-.5-.5V8H0v2a2 2 0 0 0 2 2h2v-1.5ZM8 12v-1.5h2a.5.5 0 0 0 .5-.5V8H12v2a2 2 0 0 1-2 2H8Zm2-12a2 2 0 0 1 2 2v2h-1.5V2a.5.5 0 0 0-.5-.5H8V0h2Z\" \/>\n\t\t\t<\/svg>\n\t\t<\/button><\/figure>\n<\/figure>\n\n\n\n<div style=\"height:50px\" aria-hidden=\"true\" class=\"wp-block-spacer\"><\/div>\n\n\n\n<figure class=\"wp-block-gallery has-nested-images columns-2 is-cropped wp-block-gallery-2 is-layout-flex wp-block-gallery-is-layout-flex\"><\/figure>\n","protected":false},"excerpt":{"rendered":"<p>1997 ging es das erste Mal in unser Nachbarland Frankreich. Die Landschaft und das Licht der Provence lockte, der Lavendel und der Grand Canyon du Verdon. Berichte von Zur\u00fcckgekehrten sch\u00fcrten jedoch eine gewisse Skepsis, wie mit den Franzosen auszukommen sei.Nat\u00fcrlich liegen hier historisches Erbe in der Luft und trifft auf das franz\u00f6siche Selbstbewusstsein.Die Ger\u00fcchte konnten jedoch nicht best\u00e4tigt werden. Wir trafen durchweg auf freundliche Menschen, die sich nach einem freundlichen &#8222;Bonjour&#8220; auch auf andere Sprachen einlie\u00dfen.<\/p>\n","protected":false},"author":1,"featured_media":0,"parent":0,"menu_order":0,"comment_status":"closed","ping_status":"closed","template":"","meta":{"footnotes":""},"class_list":["post-1826","page","type-page","status-publish","hentry"],"_links":{"self":[{"href":"https:\/\/piccboxx.com\/index.php\/wp-json\/wp\/v2\/pages\/1826","targetHints":{"allow":["GET"]}}],"collection":[{"href":"https:\/\/piccboxx.com\/index.php\/wp-json\/wp\/v2\/pages"}],"about":[{"href":"https:\/\/piccboxx.com\/index.php\/wp-json\/wp\/v2\/types\/page"}],"author":[{"embeddable":true,"href":"https:\/\/piccboxx.com\/index.php\/wp-json\/wp\/v2\/users\/1"}],"replies":[{"embeddable":true,"href":"https:\/\/piccboxx.com\/index.php\/wp-json\/wp\/v2\/comments?post=1826"}],"version-history":[{"count":17,"href":"https:\/\/piccboxx.com\/index.php\/wp-json\/wp\/v2\/pages\/1826\/revisions"}],"predecessor-version":[{"id":1873,"href":"https:\/\/piccboxx.com\/index.php\/wp-json\/wp\/v2\/pages\/1826\/revisions\/1873"}],"wp:attachment":[{"href":"https:\/\/piccboxx.com\/index.php\/wp-json\/wp\/v2\/media?parent=1826"}],"curies":[{"name":"wp","href":"https:\/\/api.w.org\/{rel}","templated":true}]}}