{"id":27,"date":"2024-01-16T22:29:45","date_gmt":"2024-01-16T21:29:45","guid":{"rendered":"https:\/\/piccboxx.com\/?page_id=27"},"modified":"2025-09-12T23:19:23","modified_gmt":"2025-09-12T21:19:23","slug":"panorama","status":"publish","type":"page","link":"https:\/\/piccboxx.com\/index.php\/panorama\/","title":{"rendered":"Riesa"},"content":{"rendered":"\n<p class=\"has-text-align-left\"><a href=\"https:\/\/de.wikipedia.org\/wiki\/Riesa\">Riesa<\/a> ist eine mittels\u00e4chsische Stadt mit fast 30.000 Einwohnern und liegt linksseitig an der Elbe. Die Stadt ist bekannt f\u00fcr Streichh\u00f6lzer, Nudeln, Stahl und Sport. Das klingt erst mal nicht viel, aber in den einzelnen Disziplinen war Riesa in der DDR einsame Spitze.<\/p>\n\n\n\n<div style=\"height:50px\" aria-hidden=\"true\" class=\"wp-block-spacer\"><\/div>\n\n\n\n<figure class=\"wp-block-gallery has-nested-images columns-2 is-cropped wp-block-gallery-1 is-layout-flex wp-block-gallery-is-layout-flex\">\n<figure data-wp-context=\"{&quot;imageId&quot;:&quot;69f1f2b1617c2&quot;}\" data-wp-interactive=\"core\/image\" data-wp-key=\"69f1f2b1617c2\" class=\"wp-block-image size-large wp-lightbox-container\"><img loading=\"lazy\" decoding=\"async\" width=\"1024\" height=\"368\" data-wp-class--hide=\"state.isContentHidden\" data-wp-class--show=\"state.isContentVisible\" data-wp-init=\"callbacks.setButtonStyles\" data-wp-on--click=\"actions.showLightbox\" data-wp-on--load=\"callbacks.setButtonStyles\" data-wp-on-window--resize=\"callbacks.setButtonStyles\" data-id=\"1008\" src=\"https:\/\/piccboxx.com\/wp-content\/uploads\/2024\/02\/Film0126_004_PB-1024x368.jpg\" alt=\"\" class=\"wp-image-1008\" srcset=\"https:\/\/piccboxx.com\/wp-content\/uploads\/2024\/02\/Film0126_004_PB-1024x368.jpg 1024w, https:\/\/piccboxx.com\/wp-content\/uploads\/2024\/02\/Film0126_004_PB-300x108.jpg 300w, https:\/\/piccboxx.com\/wp-content\/uploads\/2024\/02\/Film0126_004_PB-768x276.jpg 768w, https:\/\/piccboxx.com\/wp-content\/uploads\/2024\/02\/Film0126_004_PB-1536x552.jpg 1536w, https:\/\/piccboxx.com\/wp-content\/uploads\/2024\/02\/Film0126_004_PB-1140x410.jpg 1140w, https:\/\/piccboxx.com\/wp-content\/uploads\/2024\/02\/Film0126_004_PB.jpg 2000w\" sizes=\"auto, (max-width: 1024px) 100vw, 1024px\" \/><button\n\t\t\tclass=\"lightbox-trigger\"\n\t\t\ttype=\"button\"\n\t\t\taria-haspopup=\"dialog\"\n\t\t\taria-label=\"Vergr\u00f6\u00dfern\"\n\t\t\tdata-wp-init=\"callbacks.initTriggerButton\"\n\t\t\tdata-wp-on--click=\"actions.showLightbox\"\n\t\t\tdata-wp-style--right=\"state.imageButtonRight\"\n\t\t\tdata-wp-style--top=\"state.imageButtonTop\"\n\t\t>\n\t\t\t<svg xmlns=\"http:\/\/www.w3.org\/2000\/svg\" width=\"12\" height=\"12\" fill=\"none\" viewBox=\"0 0 12 12\">\n\t\t\t\t<path fill=\"#fff\" d=\"M2 0a2 2 0 0 0-2 2v2h1.5V2a.5.5 0 0 1 .5-.5h2V0H2Zm2 10.5H2a.5.5 0 0 1-.5-.5V8H0v2a2 2 0 0 0 2 2h2v-1.5ZM8 12v-1.5h2a.5.5 0 0 0 .5-.5V8H12v2a2 2 0 0 1-2 2H8Zm2-12a2 2 0 0 1 2 2v2h-1.5V2a.5.5 0 0 0-.5-.5H8V0h2Z\" \/>\n\t\t\t<\/svg>\n\t\t<\/button><figcaption class=\"wp-element-caption\">An den Elbwiesen<\/figcaption><\/figure>\n\n\n\n<figure data-wp-context=\"{&quot;imageId&quot;:&quot;69f1f2b161c58&quot;}\" data-wp-interactive=\"core\/image\" data-wp-key=\"69f1f2b161c58\" class=\"wp-block-image size-large wp-lightbox-container\"><img loading=\"lazy\" decoding=\"async\" width=\"1024\" height=\"372\" data-wp-class--hide=\"state.isContentHidden\" data-wp-class--show=\"state.isContentVisible\" data-wp-init=\"callbacks.setButtonStyles\" data-wp-on--click=\"actions.showLightbox\" data-wp-on--load=\"callbacks.setButtonStyles\" data-wp-on-window--resize=\"callbacks.setButtonStyles\" data-id=\"1007\" src=\"https:\/\/piccboxx.com\/wp-content\/uploads\/2024\/02\/Film0126_003_PB-1024x372.jpg\" alt=\"\" class=\"wp-image-1007\" srcset=\"https:\/\/piccboxx.com\/wp-content\/uploads\/2024\/02\/Film0126_003_PB-1024x372.jpg 1024w, https:\/\/piccboxx.com\/wp-content\/uploads\/2024\/02\/Film0126_003_PB-300x109.jpg 300w, https:\/\/piccboxx.com\/wp-content\/uploads\/2024\/02\/Film0126_003_PB-768x279.jpg 768w, https:\/\/piccboxx.com\/wp-content\/uploads\/2024\/02\/Film0126_003_PB-1536x558.jpg 1536w, https:\/\/piccboxx.com\/wp-content\/uploads\/2024\/02\/Film0126_003_PB-1140x414.jpg 1140w, https:\/\/piccboxx.com\/wp-content\/uploads\/2024\/02\/Film0126_003_PB.jpg 2000w\" sizes=\"auto, (max-width: 1024px) 100vw, 1024px\" \/><button\n\t\t\tclass=\"lightbox-trigger\"\n\t\t\ttype=\"button\"\n\t\t\taria-haspopup=\"dialog\"\n\t\t\taria-label=\"Vergr\u00f6\u00dfern\"\n\t\t\tdata-wp-init=\"callbacks.initTriggerButton\"\n\t\t\tdata-wp-on--click=\"actions.showLightbox\"\n\t\t\tdata-wp-style--right=\"state.imageButtonRight\"\n\t\t\tdata-wp-style--top=\"state.imageButtonTop\"\n\t\t>\n\t\t\t<svg xmlns=\"http:\/\/www.w3.org\/2000\/svg\" width=\"12\" height=\"12\" fill=\"none\" viewBox=\"0 0 12 12\">\n\t\t\t\t<path fill=\"#fff\" d=\"M2 0a2 2 0 0 0-2 2v2h1.5V2a.5.5 0 0 1 .5-.5h2V0H2Zm2 10.5H2a.5.5 0 0 1-.5-.5V8H0v2a2 2 0 0 0 2 2h2v-1.5ZM8 12v-1.5h2a.5.5 0 0 0 .5-.5V8H12v2a2 2 0 0 1-2 2H8Zm2-12a2 2 0 0 1 2 2v2h-1.5V2a.5.5 0 0 0-.5-.5H8V0h2Z\" \/>\n\t\t\t<\/svg>\n\t\t<\/button><figcaption class=\"wp-element-caption\">An den Elbwiesen<\/figcaption><\/figure>\n\n\n\n<figure data-wp-context=\"{&quot;imageId&quot;:&quot;69f1f2b1620b4&quot;}\" data-wp-interactive=\"core\/image\" data-wp-key=\"69f1f2b1620b4\" class=\"wp-block-image size-large wp-lightbox-container\"><img loading=\"lazy\" decoding=\"async\" width=\"1024\" height=\"370\" data-wp-class--hide=\"state.isContentHidden\" data-wp-class--show=\"state.isContentVisible\" data-wp-init=\"callbacks.setButtonStyles\" data-wp-on--click=\"actions.showLightbox\" data-wp-on--load=\"callbacks.setButtonStyles\" data-wp-on-window--resize=\"callbacks.setButtonStyles\" data-id=\"1009\" src=\"https:\/\/piccboxx.com\/wp-content\/uploads\/2024\/02\/Film0126_007_PB-1024x370.jpg\" alt=\"\" class=\"wp-image-1009\" srcset=\"https:\/\/piccboxx.com\/wp-content\/uploads\/2024\/02\/Film0126_007_PB-1024x370.jpg 1024w, https:\/\/piccboxx.com\/wp-content\/uploads\/2024\/02\/Film0126_007_PB-300x108.jpg 300w, https:\/\/piccboxx.com\/wp-content\/uploads\/2024\/02\/Film0126_007_PB-768x278.jpg 768w, https:\/\/piccboxx.com\/wp-content\/uploads\/2024\/02\/Film0126_007_PB-1536x555.jpg 1536w, https:\/\/piccboxx.com\/wp-content\/uploads\/2024\/02\/Film0126_007_PB-1140x412.jpg 1140w, https:\/\/piccboxx.com\/wp-content\/uploads\/2024\/02\/Film0126_007_PB.jpg 2000w\" sizes=\"auto, (max-width: 1024px) 100vw, 1024px\" \/><button\n\t\t\tclass=\"lightbox-trigger\"\n\t\t\ttype=\"button\"\n\t\t\taria-haspopup=\"dialog\"\n\t\t\taria-label=\"Vergr\u00f6\u00dfern\"\n\t\t\tdata-wp-init=\"callbacks.initTriggerButton\"\n\t\t\tdata-wp-on--click=\"actions.showLightbox\"\n\t\t\tdata-wp-style--right=\"state.imageButtonRight\"\n\t\t\tdata-wp-style--top=\"state.imageButtonTop\"\n\t\t>\n\t\t\t<svg xmlns=\"http:\/\/www.w3.org\/2000\/svg\" width=\"12\" height=\"12\" fill=\"none\" viewBox=\"0 0 12 12\">\n\t\t\t\t<path fill=\"#fff\" d=\"M2 0a2 2 0 0 0-2 2v2h1.5V2a.5.5 0 0 1 .5-.5h2V0H2Zm2 10.5H2a.5.5 0 0 1-.5-.5V8H0v2a2 2 0 0 0 2 2h2v-1.5ZM8 12v-1.5h2a.5.5 0 0 0 .5-.5V8H12v2a2 2 0 0 1-2 2H8Zm2-12a2 2 0 0 1 2 2v2h-1.5V2a.5.5 0 0 0-.5-.5H8V0h2Z\" \/>\n\t\t\t<\/svg>\n\t\t<\/button><figcaption class=\"wp-element-caption\">An den Elbwiesen<\/figcaption><\/figure>\n<\/figure>\n\n\n\n<div style=\"height:50px\" aria-hidden=\"true\" class=\"wp-block-spacer\"><\/div>\n\n\n\n<p><\/p>\n","protected":false},"excerpt":{"rendered":"<p>Riesa ist eine mittels\u00e4chsische Stadt mit fast 30.000 Einwohnern und liegt linksseitig an der Elbe. Die Stadt ist bekannt f\u00fcr Streichh\u00f6lzer, Nudeln, Stahl und Sport. Das klingt erst mal nicht viel, aber in den einzelnen Disziplinen war Riesa in der DDR einsame Spitze.<\/p>\n","protected":false},"author":1,"featured_media":0,"parent":0,"menu_order":0,"comment_status":"closed","ping_status":"closed","template":"","meta":{"footnotes":""},"class_list":["post-27","page","type-page","status-publish","hentry"],"_links":{"self":[{"href":"https:\/\/piccboxx.com\/index.php\/wp-json\/wp\/v2\/pages\/27","targetHints":{"allow":["GET"]}}],"collection":[{"href":"https:\/\/piccboxx.com\/index.php\/wp-json\/wp\/v2\/pages"}],"about":[{"href":"https:\/\/piccboxx.com\/index.php\/wp-json\/wp\/v2\/types\/page"}],"author":[{"embeddable":true,"href":"https:\/\/piccboxx.com\/index.php\/wp-json\/wp\/v2\/users\/1"}],"replies":[{"embeddable":true,"href":"https:\/\/piccboxx.com\/index.php\/wp-json\/wp\/v2\/comments?post=27"}],"version-history":[{"count":63,"href":"https:\/\/piccboxx.com\/index.php\/wp-json\/wp\/v2\/pages\/27\/revisions"}],"predecessor-version":[{"id":1782,"href":"https:\/\/piccboxx.com\/index.php\/wp-json\/wp\/v2\/pages\/27\/revisions\/1782"}],"wp:attachment":[{"href":"https:\/\/piccboxx.com\/index.php\/wp-json\/wp\/v2\/media?parent=27"}],"curies":[{"name":"wp","href":"https:\/\/api.w.org\/{rel}","templated":true}]}}